{"id":10680,"date":"2025-07-23T15:49:17","date_gmt":"2025-07-23T15:49:17","guid":{"rendered":"https:\/\/web-demo2.com.tr\/automaster\/?page_id=10680"},"modified":"2025-09-08T03:04:11","modified_gmt":"2025-09-08T03:04:11","slug":"hizmet-noktalarimiz","status":"publish","type":"page","link":"https:\/\/web-demo2.com.tr\/automaster\/hizmet-noktalarimiz\/","title":{"rendered":"Hizmet Noktalar\u0131m\u0131z"},"content":{"rendered":"\t\t<div data-elementor-type=\"wp-page\" data-elementor-id=\"10680\" class=\"elementor elementor-10680\">\n\t\t\t\t        <section class=\"elementor-section elementor-top-section elementor-element elementor-element-eda2ef5 elementor-section-boxed elementor-section-height-default elementor-section-height-default pxl-type-header-none pxl-section-smoke_particles-no pxl-row-scroll-none\" data-id=\"eda2ef5\" data-element_type=\"section\">\n\n                \n                <div class=\"elementor-container elementor-column-gap-default \">\n                <div class=\"elementor-column elementor-col-100 elementor-top-column elementor-element elementor-element-f4bbe9d pxl-column-element-default pxl-column-none\" data-id=\"f4bbe9d\" data-element_type=\"column\">\r\n        <div class=\"elementor-widget-wrap elementor-element-populated\">\r\n                     \r\n        \t\t<div class=\"elementor-element elementor-element-6036c96 sub-title-dark-custom elementor-widget elementor-widget-pxl_heading\" data-id=\"6036c96\" data-element_type=\"widget\" data-widget_type=\"pxl_heading.default\">\n\t\t\t\t<div class=\"elementor-widget-container\">\n\t\t\t\t\t<div id=\"pxl-pxl_heading-6036c96-8038\" class=\"pxl-heading px-sub-title-default-style\">\n\t<div class=\"pxl-heading--inner\">\n\t\t\n\t\t\t\t\t<div class=\"pxl-item--subtitle px-sub-title-default wow letter\" data-wow-delay=\"ms\">\n\t\t\t\t<span class=\"pxl-item--subtext\">\n\t\t\t\t\t\t\t\t\t\t\t<span class=\"pxl-item--icon pxl-mr-1\">\n\t\t\t\t\t\t\t<svg xmlns=\"http:\/\/www.w3.org\/2000\/svg\" width=\"62\" height=\"17\" viewBox=\"0 0 62 17\" fill=\"none\"><path id=\"Vector\" d=\"M26.9944 0.857178H18.6414L3.27252 16.0409H11.6255L26.9944 0.857178Z\" fill=\"#D70006\"><\/path><path id=\"Vector_2\" d=\"M43.131 0.857178H34.778L19.4091 16.0409H27.7621L43.131 0.857178Z\" fill=\"#D70006\"><\/path><path id=\"Vector_3\" d=\"M59.2711 0.857178H50.9109L35.5492 16.0409H43.895L59.2711 0.857178Z\" fill=\"#D70006\"><\/path><\/svg>\t\t\t\t\t\t<\/span>\n\t\t\t\t\t\t\t\t\t\tHizmet Noktalar\u0131m\u0131z\t\t\t\t\t<span class=\"pxl-item--subdivider\"><\/span>\n\t\t\t\t<\/span>\n\t\t\t<\/div>\n\t\t\n\t\t<h3 class=\"pxl-item--title  \" data-wow-delay=\"ms\">\n\t\t\t\t\t\t\t\t\t\n\t\t\t\t\n\t\t<\/h3>\n\n\t\t\n\t\t\n\t\t\t\t\t\t\t\t\t<\/div>\n<\/div>\t\t\t\t<\/div>\n\t\t\t\t<\/div>\n\t\t            <\/div>\r\n        <\/div>\r\n        \t\t\t<\/div>\n\t\t<\/section>\n\t\t        <section class=\"elementor-section elementor-top-section elementor-element elementor-element-cb5e1bd elementor-section-boxed elementor-section-height-default elementor-section-height-default pxl-type-header-none pxl-section-smoke_particles-no pxl-row-scroll-none\" data-id=\"cb5e1bd\" data-element_type=\"section\">\n\n                \n                <div class=\"elementor-container elementor-column-gap-default \">\n                <div class=\"elementor-column elementor-col-100 elementor-top-column elementor-element elementor-element-cfdbe7b pxl-column-element-default pxl-column-none\" data-id=\"cfdbe7b\" data-element_type=\"column\">\r\n        <div class=\"elementor-widget-wrap elementor-element-populated\">\r\n                     \r\n        \t\t<div class=\"elementor-element elementor-element-b19b74d elementor-widget elementor-widget-html\" data-id=\"b19b74d\" data-element_type=\"widget\" data-widget_type=\"html.default\">\n\t\t\t\t<div class=\"elementor-widget-container\">\n\t\t\t\t\t<link rel=\"stylesheet\" href=\"https:\/\/cdnjs.cloudflare.com\/ajax\/libs\/font-awesome\/6.4.0\/css\/all.min.css\">\r\n\r\n<style>\r\n\r\n\r\n.service-grid {\r\n  display: flex;\r\n  flex-wrap: wrap;\r\n  gap: 20px;\r\n}\r\n.service-item {\r\n  background: #000;\r\n  color: #fff;\r\n  flex: 1 1 calc(50% - 20px);\r\n  display: flex;\r\n  align-items: center;\r\n  padding: 15px 20px;\r\n  border-radius: 10px;\r\n  box-shadow: 0 0 5px #222;\r\n}\r\n.service-logo {\r\n  width: 60px;\r\n  height: auto;\r\n  margin-right: 15px;\r\n}\r\n.service-info {\r\n  flex-grow: 1;\r\n}\r\n.service-info h4 {\r\n  margin: 0;\r\n  font-size: 16px;\r\n  font-weight: 500;\r\n  color: #fff !important;\r\n}\r\n.service-info .phone {\r\n  font-size: 18px;\r\n  font-weight: bold;\r\n  color: #ff0000;\r\n}\r\n.service-actions {\r\n  display: grid;\r\n  grid-template-columns: 1fr 1fr;\r\n  grid-template-rows: auto auto;\r\n  gap: 10px;\r\n  margin-left: 15px;\r\n  padding: 10px;\r\n  border: 1px solid #444;\r\n  border-radius: 8px;\r\n  background: #111;\r\n  position: relative;\r\n}\r\n\r\n\/* Her bir ikon linki i\u00e7in stil *\/\r\n.service-actions a {\r\n  color: #fff;\r\n  font-size: 18px;\r\n  text-align: center;\r\n  padding: 10px;\r\n  border: 1px solid #333;\r\n  border-radius: 6px;\r\n  transition: all 0.3s;\r\n}\r\n\r\n\/* Hover efekti *\/\r\n.service-actions a:hover {\r\n  color: #ff0000;\r\n  background: #222;\r\n  border-color: #ff0000;\r\n}\r\n\r\n@media (max-width: 768px) {\r\n  .service-item {\r\n    flex: 1 1 100%;\r\n  }\r\n}\r\n\r\n\r\n\r\n\r\n<\/style>\r\n\r\n<div class=\"service-grid\">\r\n  <!-- 1 -->\r\n  <div class=\"service-item\">\r\n    <img decoding=\"async\" src=\"https:\/\/web-demo2.com.tr\/automaster\/wp-content\/uploads\/2025\/06\/favicon.png\" alt=\"Logo\" class=\"service-logo\">\r\n    <div class=\"service-info\">\r\n      <h4>Do\u011fu\u015f Oto \u00c7ankaya Ankara (Ergi Ogan Pehlivanl\u0131)<\/h4>\r\n      <div class=\"phone\">+90 312 583 83 83<\/div>\r\n    <\/div>\r\n    <div class=\"service-actions\">\r\n      <a href=\"tel:+903125838383\"><i class=\"fas fa-phone\"><\/i><\/a>\r\n      <a href=\"#\"><i class=\"fas fa-envelope\"><\/i><\/a>\r\n      <a href=\"#\"><i class=\"fas fa-map-marker-alt\"><\/i><\/a>\r\n      <a href=\"#\"><i class=\"fas fa-chevron-right\"><\/i><\/a>\r\n    <\/div>\r\n  <\/div>\r\n\r\n  <!-- 2 -->\r\n  <div class=\"service-item\">\r\n    <img decoding=\"async\" src=\"https:\/\/web-demo2.com.tr\/automaster\/wp-content\/uploads\/2025\/06\/favicon.png\" alt=\"Logo\" class=\"service-logo\">\r\n    <div class=\"service-info\">\r\n      <h4>Do\u011fu\u015f Oto Esenyurt \u0130stanbul (Bekir Akkaya)<\/h4>\r\n      <div class=\"phone\">+90 212 456 65 00<\/div>\r\n    <\/div>\r\n    <div class=\"service-actions\">\r\n      <a href=\"tel:+902124566500\"><i class=\"fas fa-phone\"><\/i><\/a>\r\n      <a href=\"#\"><i class=\"fas fa-envelope\"><\/i><\/a>\r\n      <a href=\"#\"><i class=\"fas fa-map-marker-alt\"><\/i><\/a>\r\n      <a href=\"#\"><i class=\"fas fa-chevron-right\"><\/i><\/a>\r\n    <\/div>\r\n  <\/div>\r\n\r\n  <!-- 3 -->\r\n  <div class=\"service-item\">\r\n    <img decoding=\"async\" src=\"https:\/\/web-demo2.com.tr\/automaster\/wp-content\/uploads\/2025\/06\/favicon.png\" alt=\"Logo\" class=\"service-logo\">\r\n    <div class=\"service-info\">\r\n      <h4>Do\u011fu\u015f Oto Kartal \u0130stanbul (Caner E\u015fkazan)<\/h4>\r\n      <div class=\"phone\">+90 216 453 15 00<\/div>\r\n    <\/div>\r\n    <div class=\"service-actions\">\r\n      <a href=\"tel:+902164531500\"><i class=\"fas fa-phone\"><\/i><\/a>\r\n      <a href=\"#\"><i class=\"fas fa-envelope\"><\/i><\/a>\r\n      <a href=\"#\"><i class=\"fas fa-map-marker-alt\"><\/i><\/a>\r\n      <a href=\"#\"><i class=\"fas fa-chevron-right\"><\/i><\/a>\r\n    <\/div>\r\n  <\/div>\r\n\r\n  <!-- 4 -->\r\n  <div class=\"service-item\">\r\n    <img decoding=\"async\" src=\"https:\/\/web-demo2.com.tr\/automaster\/wp-content\/uploads\/2025\/06\/favicon.png\" alt=\"Logo\" class=\"service-logo\">\r\n    <div class=\"service-info\">\r\n      <h4>Do\u011fu\u015f Oto Maslak (Asude Ahlatt)<\/h4>\r\n      <div class=\"phone\">+90 212 366 51 51<\/div>\r\n    <\/div>\r\n    <div class=\"service-actions\">\r\n      <a href=\"tel:+902123665151\"><i class=\"fas fa-phone\"><\/i><\/a>\r\n      <a href=\"#\"><i class=\"fas fa-envelope\"><\/i><\/a>\r\n      <a href=\"#\"><i class=\"fas fa-map-marker-alt\"><\/i><\/a>\r\n      <a href=\"#\"><i class=\"fas fa-chevron-right\"><\/i><\/a>\r\n    <\/div>\r\n  <\/div>\r\n\r\n  <!-- 5 -->\r\n  <div class=\"service-item\">\r\n    <img decoding=\"async\" src=\"https:\/\/web-demo2.com.tr\/automaster\/wp-content\/uploads\/2025\/06\/favicon.png\" alt=\"Logo\" class=\"service-logo\">\r\n    <div class=\"service-info\">\r\n      <h4>Arca Otomotiv Ankara Etimesgut (\u00d6zg\u00fcr Mete)<\/h4>\r\n      <div class=\"phone\">+90 312 293 19 14<\/div>\r\n    <\/div>\r\n    <div class=\"service-actions\">\r\n      <a href=\"tel:+903122931914\"><i class=\"fas fa-phone\"><\/i><\/a>\r\n      <a href=\"#\"><i class=\"fas fa-envelope\"><\/i><\/a>\r\n      <a href=\"#\"><i class=\"fas fa-map-marker-alt\"><\/i><\/a>\r\n      <a href=\"#\"><i class=\"fas fa-chevron-right\"><\/i><\/a>\r\n    <\/div>\r\n  <\/div>\r\n\r\n  <!-- 6 -->\r\n  <div class=\"service-item\">\r\n    <img decoding=\"async\" src=\"https:\/\/web-demo2.com.tr\/automaster\/wp-content\/uploads\/2025\/06\/favicon.png\" alt=\"Logo\" class=\"service-logo\">\r\n    <div class=\"service-info\">\r\n      <h4>Mengerler \u0130stanbul Davutpa\u015fa (Esra Yal\u00e7\u0131n)<\/h4>\r\n      <div class=\"phone\">+90 212 484 33 00<\/div>\r\n    <\/div>\r\n    <div class=\"service-actions\">\r\n      <a href=\"tel:+902124843300\"><i class=\"fas fa-phone\"><\/i><\/a>\r\n      <a href=\"#\"><i class=\"fas fa-envelope\"><\/i><\/a>\r\n      <a href=\"#\"><i class=\"fas fa-map-marker-alt\"><\/i><\/a>\r\n      <a href=\"#\"><i class=\"fas fa-chevron-right\"><\/i><\/a>\r\n    <\/div>\r\n  <\/div>\r\n\r\n  <!-- 7 -->\r\n  <div class=\"service-item\">\r\n    <img decoding=\"async\" src=\"https:\/\/web-demo2.com.tr\/automaster\/wp-content\/uploads\/2025\/06\/favicon.png\" alt=\"Logo\" class=\"service-logo\">\r\n    <div class=\"service-info\">\r\n      <h4>Mengerler Bat\u0131kent Ankara (Umut Derin)<\/h4>\r\n      <div class=\"phone\">+90 312 252 70 80<\/div>\r\n    <\/div>\r\n    <div class=\"service-actions\">\r\n      <a href=\"tel:+903122527080\"><i class=\"fas fa-phone\"><\/i><\/a>\r\n      <a href=\"#\"><i class=\"fas fa-envelope\"><\/i><\/a>\r\n      <a href=\"#\"><i class=\"fas fa-map-marker-alt\"><\/i><\/a>\r\n      <a href=\"#\"><i class=\"fas fa-chevron-right\"><\/i><\/a>\r\n    <\/div>\r\n  <\/div>\r\n\r\n  <!-- 8 -->\r\n  <div class=\"service-item\">\r\n    <img decoding=\"async\" src=\"https:\/\/web-demo2.com.tr\/automaster\/wp-content\/uploads\/2025\/06\/favicon.png\" alt=\"Logo\" class=\"service-logo\">\r\n    <div class=\"service-info\">\r\n      <h4>Mengerler \u00dcmitk\u00f6y Ankara (Umut Derin)<\/h4>\r\n      <div class=\"phone\">+90 312 227 84 44<\/div>\r\n    <\/div>\r\n    <div class=\"service-actions\">\r\n      <a href=\"tel:+903122278444\"><i class=\"fas fa-phone\"><\/i><\/a>\r\n      <a href=\"#\"><i class=\"fas fa-envelope\"><\/i><\/a>\r\n      <a href=\"#\"><i class=\"fas fa-map-marker-alt\"><\/i><\/a>\r\n      <a href=\"#\"><i class=\"fas fa-chevron-right\"><\/i><\/a>\r\n    <\/div>\r\n  <\/div>\r\n\r\n  <!-- 9 -->\r\n  <div class=\"service-item\">\r\n    <img decoding=\"async\" src=\"https:\/\/web-demo2.com.tr\/automaster\/wp-content\/uploads\/2025\/06\/favicon.png\" alt=\"Logo\" class=\"service-logo\">\r\n    <div class=\"service-info\">\r\n      <h4>Mengerler Tekkek\u00f6y Samsun (\u00d6zlem Demir)<\/h4>\r\n      <div class=\"phone\">+90 362 256 21 00<\/div>\r\n    <\/div>\r\n    <div class=\"service-actions\">\r\n      <a href=\"tel:+903622562100\"><i class=\"fas fa-phone\"><\/i><\/a>\r\n      <a href=\"#\"><i class=\"fas fa-envelope\"><\/i><\/a>\r\n      <a href=\"#\"><i class=\"fas fa-map-marker-alt\"><\/i><\/a>\r\n      <a href=\"#\"><i class=\"fas fa-chevron-right\"><\/i><\/a>\r\n    <\/div>\r\n  <\/div>\r\n\r\n  <!-- 10 -->\r\n  <div class=\"service-item\">\r\n    <img decoding=\"async\" src=\"https:\/\/web-demo2.com.tr\/automaster\/wp-content\/uploads\/2025\/06\/favicon.png\" alt=\"Logo\" class=\"service-logo\">\r\n    <div class=\"service-info\">\r\n      <h4>Mengerler Bodrum Mu\u011fla (G\u00f6rkan Kara)<\/h4>\r\n      <div class=\"phone\">+90 252 513 79 30<\/div>\r\n    <\/div>\r\n    <div class=\"service-actions\">\r\n      <a href=\"tel:+902525137930\"><i class=\"fas fa-phone\"><\/i><\/a>\r\n      <a href=\"#\"><i class=\"fas fa-envelope\"><\/i><\/a>\r\n      <a href=\"#\"><i class=\"fas fa-map-marker-alt\"><\/i><\/a>\r\n      <a href=\"#\"><i class=\"fas fa-chevron-right\"><\/i><\/a>\r\n    <\/div>\r\n  <\/div>\r\n   <div class=\"service-item\">\r\n    <img decoding=\"async\" src=\"https:\/\/web-demo2.com.tr\/automaster\/wp-content\/uploads\/2025\/06\/favicon.png\" alt=\"Logo\" class=\"service-logo\">\r\n    <div class=\"service-info\">\r\n      <h4>\u00d6z\u00f6n Otomotiv - \u0130stanbul \u00c7ekmek\u00f6y (G\u00fcven Halilo\u011flu)<\/h4>\r\n      <div class=\"phone\">+90 216 430 20 00<\/div>\r\n    <\/div>\r\n    <div class=\"service-actions\">\r\n      <a href=\"tel:++902164302000\"><i class=\"fas fa-phone\"><\/i><\/a>\r\n      <a href=\"#\"><i class=\"fas fa-envelope\"><\/i><\/a>\r\n      <a href=\"#\"><i class=\"fas fa-map-marker-alt\"><\/i><\/a>\r\n      <a href=\"#\"><i class=\"fas fa-chevron-right\"><\/i><\/a>\r\n    <\/div>\r\n  <\/div>\r\n\r\n  <!-- 10 -->\r\n  <div class=\"service-item\">\r\n    <img decoding=\"async\" src=\"https:\/\/web-demo2.com.tr\/automaster\/wp-content\/uploads\/2025\/06\/favicon.png\" alt=\"Logo\" class=\"service-logo\">\r\n    <div class=\"service-info\">\r\n      <h4>\u00d6z\u00f6n Otomotiv - Samsun (\u00d6zlem Demir)<\/h4>\r\n      <div class=\"phone\">+90 362 266 68 00<\/div>\r\n    <\/div>\r\n    <div class=\"service-actions\">\r\n      <a href=\"tel:+903622666800\"><i class=\"fas fa-phone\"><\/i><\/a>\r\n      <a href=\"#\"><i class=\"fas fa-envelope\"><\/i><\/a>\r\n      <a href=\"#\"><i class=\"fas fa-map-marker-alt\"><\/i><\/a>\r\n      <a href=\"#\"><i class=\"fas fa-chevron-right\"><\/i><\/a>\r\n    <\/div>\r\n  <\/div>\r\n<\/div>\r\n\t\t\t\t<\/div>\n\t\t\t\t<\/div>\n\t\t            <\/div>\r\n        <\/div>\r\n        \t\t\t<\/div>\n\t\t<\/section>\n\t\t        <section class=\"elementor-section elementor-top-section elementor-element elementor-element-961eae8 elementor-section-boxed elementor-section-height-default elementor-section-height-default pxl-type-header-none pxl-section-smoke_particles-no pxl-row-scroll-none\" data-id=\"961eae8\" data-element_type=\"section\">\n\n                \n                <div class=\"elementor-container elementor-column-gap-default \">\n                <div class=\"elementor-column elementor-col-100 elementor-top-column elementor-element elementor-element-165ddc9 pxl-column-element-default pxl-column-none\" data-id=\"165ddc9\" data-element_type=\"column\">\r\n        <div class=\"elementor-widget-wrap elementor-element-populated\">\r\n                     \r\n        \t\t<div class=\"elementor-element elementor-element-3b12b17 elementor-widget elementor-widget-html\" data-id=\"3b12b17\" data-element_type=\"widget\" data-widget_type=\"html.default\">\n\t\t\t\t<div class=\"elementor-widget-container\">\n\t\t\t\t\t<style>\r\n  .popup-overlay {\r\n    position: fixed; top: 0; left: 0;\r\n    width: 100vw; height: 100vh;\r\n    background: rgba(0,0,0,0.7);\r\n    display: none; justify-content: center; align-items: center;\r\n    z-index: 9999;\r\n    padding: 20px;\r\n  }\r\n\r\n  .popup {\r\n    background: #1c1c1c; color: #eee;\r\n    padding: 16px; border-radius: 8px;\r\n    max-width: 360px; width: 100%;\r\n    font-family: \"Segoe UI\", Tahoma, Geneva, Verdana, sans-serif;\r\n    position: relative;\r\n    box-shadow: 0 0 10px rgba(0,0,0,0.7);\r\n    font-size: 12px;\r\n  }\r\n\r\n  .close-btn {\r\n    position: absolute; top: 8px; right: 12px;\r\n    font-size: 20px; color: #FFB30F; cursor: pointer;\r\n    font-weight: bold;\r\n  }\r\n\r\n  h3 {\r\n    text-align: center;\r\n    color: #d70006;\r\n    margin-bottom: 14px;\r\n    font-size: 15px;\r\n  }\r\n\r\n  .form-group {\r\n    margin-bottom: 12px;\r\n  }\r\n\r\n  .form-group label {\r\n    display: block; font-weight: 600;\r\n    margin-bottom: 3px; color: #ccc;\r\n  }\r\n\r\n  .form-group input,\r\n  .form-group select,\r\n  .form-group textarea {\r\n    width: 100%;\r\n    padding: 6px 9px;\r\n    border-radius: 5px;\r\n    border: 1px solid #444;\r\n    background: #2b2b2b;\r\n    color: #eee;\r\n    font-size: 12px;\r\n  }\r\n\r\n  .form-group input::placeholder,\r\n  .form-group textarea::placeholder {\r\n    color: #888;\r\n  }\r\n\r\n  .form-group input:focus,\r\n  .form-group textarea:focus,\r\n  .form-group select:focus {\r\n    border-color: #d70006;\r\n    outline: none;\r\n    background-color: #fff;\r\n    color: #000;\r\n  }\r\n\r\n  .form-group select[multiple] {\r\n    height: 80px;\r\n  }\r\n\r\n  .form-group textarea {\r\n    height: 60px; \/* Daha k\u00fc\u00e7\u00fck textarea *\/\r\n    resize: vertical;\r\n  }\r\n\r\n  .submit-btn {\r\n    background-color: #d70006;\r\n    color: #fff;\r\n    padding: 9px 0;\r\n    width: 100%;\r\n    font-weight: 600;\r\n    font-size: 13px;\r\n    border: none;\r\n    border-radius: 6px;\r\n    cursor: pointer;\r\n    transition: all 0.3s ease;\r\n  }\r\n\r\n  .submit-btn:hover {\r\n    background-color: #fff;\r\n    color: #d70006;\r\n    border: 1px solid #d70006;\r\n  }\r\n<\/style>\r\n\r\n<div class=\"popup-overlay\" id=\"popup-overlay\">\r\n  <div class=\"popup\">\r\n    <span class=\"close-btn\" onclick=\"closePopup()\">&times;<\/span>\r\n\r\n    <div id=\"form-content\">\r\n      <h3>Automaster \u0130\u015f Ba\u015fvuru Formu<\/h3>\r\n      <form id=\"isYeriForm\" enctype=\"multipart\/form-data\" method=\"POST\">\r\n        \r\n        <div class=\"form-group\">\r\n          <label for=\"adsoyad\">Ad Soyad<\/label>\r\n          <input type=\"text\" id=\"adsoyad\" name=\"adsoyad\" placeholder=\"Ad Soyad\" required>\r\n        <\/div>\r\n\r\n        <div class=\"form-group\">\r\n          <label for=\"telefon\">Telefon<\/label>\r\n          <input type=\"tel\" id=\"telefon\" name=\"telefon\" placeholder=\"Telefon\" required>\r\n        <\/div>\r\n\r\n        <div class=\"form-group\">\r\n          <label for=\"email\">E-posta<\/label>\r\n          <input type=\"email\" id=\"email\" name=\"email\" placeholder=\"E-posta\" required>\r\n        <\/div>\r\n\r\n        \r\n\r\n        <div class=\"form-group\">\r\n          <label for=\"egitim\">E\u011fitim Durumu<\/label>\r\n          <select id=\"egitim\" name=\"egitim\" required>\r\n            <option value=\"\" disabled selected hidden>Se\u00e7iniz<\/option>\r\n            <option value=\"Lise\">Lise<\/option>\r\n            <option value=\"Teknik Lise\">Teknik Lise<\/option>\r\n            <option value=\"\u00d6nlisans\">\u00d6nlisans<\/option>\r\n            <option value=\"Lisans\">Lisans<\/option>\r\n          <\/select>\r\n        <\/div>\r\n\r\n        <div class=\"form-group\">\r\n          <label for=\"ehliyet\">Ehliyet Durumu<\/label>\r\n          <select id=\"ehliyet\" name=\"ehliyet\" required>\r\n            <option value=\"\" disabled selected hidden>Se\u00e7iniz<\/option>\r\n            <option value=\"Yok\">Yok<\/option>\r\n            <option value=\"B S\u0131n\u0131f\u0131\">B S\u0131n\u0131f\u0131<\/option>\r\n            <option value=\"D S\u0131n\u0131f\u0131\">D S\u0131n\u0131f\u0131<\/option>\r\n          <\/select>\r\n        <\/div>\r\n\r\n        <div class=\"form-group\">\r\n          <label for=\"vardiya\">Vardiyal\u0131 \u00e7al\u0131\u015fabilir misiniz?<\/label>\r\n          <select id=\"vardiya\" name=\"vardiya\" required>\r\n            <option value=\"\" disabled selected hidden>Se\u00e7iniz<\/option>\r\n            <option value=\"Evet\">Evet<\/option>\r\n            <option value=\"Hay\u0131r\">Hay\u0131r<\/option>\r\n          <\/select>\r\n        <\/div>\r\n\r\n        <div class=\"form-group\">\r\n          <label for=\"mesaj\">Kendinizi tan\u0131t\u0131n<\/label>\r\n          <textarea id=\"mesaj\" name=\"mesaj\" placeholder=\"K\u0131sa bilgi\" required><\/textarea>\r\n        <\/div>\r\n\r\n        <div class=\"form-group\">\r\n          <label for=\"cv\">CV Y\u00fckle<\/label>\r\n          <input type=\"file\" id=\"cv\" name=\"cv\" accept=\".pdf,.doc,.docx\" required>\r\n        <\/div>\r\n\r\n        <button type=\"submit\" class=\"submit-btn\">Ba\u015fvuruyu G\u00f6nder<\/button>\r\n      <\/form>\r\n    <\/div>\r\n\r\n    <div id=\"success-message\" style=\"display:none; text-align:center; color:#d70006;\">\r\n      <h3>Mesaj\u0131n\u0131z ba\u015far\u0131yla g\u00f6nderildi<\/h3>\r\n      <p>En k\u0131sa s\u00fcrede sizinle ileti\u015fime ge\u00e7ece\u011fiz.<\/p>\r\n    <\/div>\r\n  <\/div>\r\n<\/div>\r\n\r\n<script>\r\nfunction openPopup() {\r\n  document.getElementById(\"popup-overlay\").style.display = \"flex\";\r\n}\r\nfunction closePopup() {\r\n  document.getElementById(\"popup-overlay\").style.display = \"none\";\r\n  document.getElementById(\"form-content\").style.display = \"block\";\r\n  document.getElementById(\"success-message\").style.display = \"none\";\r\n  history.pushState(\"\", document.title, window.location.pathname);\r\n}\r\n\r\nconst form = document.getElementById(\"isYeriForm\");\r\nform.addEventListener(\"submit\", function(e) {\r\n  e.preventDefault();\r\n  const formData = new FormData(form);\r\n  formData.append(\"action\", \"automaster_ik_form_send\");\r\n\r\n  fetch(\"\/wp-admin\/admin-ajax.php\", {\r\n    method: \"POST\",\r\n    body: formData\r\n  })\r\n  .then(res => res.text())\r\n  .then(data => {\r\n    form.reset();\r\n    document.getElementById(\"form-content\").style.display = \"none\";\r\n    document.getElementById(\"success-message\").style.display = \"block\";\r\n  })\r\n  .catch(err => alert(\"Hata: \" + err));\r\n});\r\n\r\nif (window.location.hash === \"#popup-ac\") openPopup();\r\nwindow.addEventListener(\"hashchange\", () => {\r\n  if (window.location.hash === \"#popup-ac\") openPopup();\r\n});\r\n<\/script>\r\n\t\t\t\t<\/div>\n\t\t\t\t<\/div>\n\t\t            <\/div>\r\n        <\/div>\r\n        \t\t\t<\/div>\n\t\t<\/section>\n\t\t\t\t<\/div>\n\t\t","protected":false},"excerpt":{"rendered":"<p>Hizmet Noktalar\u0131m\u0131z Do\u011fu\u015f Oto \u00c7ankaya Ankara (Ergi Ogan Pehlivanl\u0131) +90 312 583 83 83 Do\u011fu\u015f Oto Esenyurt \u0130stanbul (Bekir Akkaya) +90 212 456 65 00 Do\u011fu\u015f Oto Kartal \u0130stanbul (Caner E\u015fkazan) +90 216 453 15 00 Do\u011fu\u015f Oto Maslak (Asude Ahlatt) +90 212 366 51 51 Arca Otomotiv Ankara Etimesgut (\u00d6zg\u00fcr Mete) +90 312 293 [&hellip;]<\/p>\n","protected":false},"author":1,"featured_media":0,"parent":0,"menu_order":0,"comment_status":"closed","ping_status":"closed","template":"","meta":{"footnotes":""},"class_list":["post-10680","page","type-page","status-publish","hentry"],"_links":{"self":[{"href":"https:\/\/web-demo2.com.tr\/automaster\/wp-json\/wp\/v2\/pages\/10680","targetHints":{"allow":["GET"]}}],"collection":[{"href":"https:\/\/web-demo2.com.tr\/automaster\/wp-json\/wp\/v2\/pages"}],"about":[{"href":"https:\/\/web-demo2.com.tr\/automaster\/wp-json\/wp\/v2\/types\/page"}],"author":[{"embeddable":true,"href":"https:\/\/web-demo2.com.tr\/automaster\/wp-json\/wp\/v2\/users\/1"}],"replies":[{"embeddable":true,"href":"https:\/\/web-demo2.com.tr\/automaster\/wp-json\/wp\/v2\/comments?post=10680"}],"version-history":[{"count":25,"href":"https:\/\/web-demo2.com.tr\/automaster\/wp-json\/wp\/v2\/pages\/10680\/revisions"}],"predecessor-version":[{"id":10891,"href":"https:\/\/web-demo2.com.tr\/automaster\/wp-json\/wp\/v2\/pages\/10680\/revisions\/10891"}],"wp:attachment":[{"href":"https:\/\/web-demo2.com.tr\/automaster\/wp-json\/wp\/v2\/media?parent=10680"}],"curies":[{"name":"wp","href":"https:\/\/api.w.org\/{rel}","templated":true}]}}