{"id":124,"date":"2023-11-14T02:34:43","date_gmt":"2023-11-14T02:34:43","guid":{"rendered":"https:\/\/demo.bravisthemes.com\/ducatibox\/?page_id=124"},"modified":"2025-07-23T10:46:12","modified_gmt":"2025-07-23T10:46:12","slug":"iletisim","status":"publish","type":"page","link":"https:\/\/web-demo2.com.tr\/automaster\/iletisim\/","title":{"rendered":"\u0130leti\u015fim"},"content":{"rendered":"\t\t<div data-elementor-type=\"wp-page\" data-elementor-id=\"124\" class=\"elementor elementor-124\">\n\t\t\t\t        <section class=\"elementor-section elementor-top-section elementor-element elementor-element-ff1665d elementor-section-stretched elementor-section-boxed elementor-section-height-default elementor-section-height-default pxl-type-header-none pxl-section-smoke_particles-no pxl-row-scroll-none\" data-id=\"ff1665d\" data-element_type=\"section\" data-settings=\"{&quot;stretch_section&quot;:&quot;section-stretched&quot;}\">\n\n                \n                <div class=\"elementor-container elementor-column-gap-extended \">\n                <div class=\"elementor-column elementor-col-100 elementor-top-column elementor-element elementor-element-1410a1e pxl-column-element-default pxl-column-none\" data-id=\"1410a1e\" data-element_type=\"column\">\r\n        <div class=\"elementor-widget-wrap elementor-element-populated\">\r\n                     \r\n                <section class=\"elementor-section elementor-inner-section elementor-element elementor-element-04de619 elementor-section-boxed elementor-section-height-default elementor-section-height-default pxl-type-header-none pxl-section-smoke_particles-no pxl-row-scroll-none\" data-id=\"04de619\" data-element_type=\"section\">\n\n                \n                <div class=\"elementor-container elementor-column-gap-no \">\n                <div class=\"elementor-column elementor-col-33 elementor-inner-column elementor-element elementor-element-f73ed53 pxl-column-element-default pxl-column-none\" data-id=\"f73ed53\" data-element_type=\"column\">\r\n        <div class=\"elementor-widget-wrap elementor-element-populated\">\r\n                     \r\n        \t\t<div class=\"elementor-element elementor-element-bd78350 elementor-widget elementor-widget-pxl_heading\" data-id=\"bd78350\" data-element_type=\"widget\" data-widget_type=\"pxl_heading.default\">\n\t\t\t\t<div class=\"elementor-widget-container\">\n\t\t\t\t\t<div id=\"pxl-pxl_heading-bd78350-6554\" class=\"pxl-heading px-sub-title-default-style\">\n\t<div class=\"pxl-heading--inner\">\n\t\t\n\t\t\t\t\t<div class=\"pxl-item--subtitle px-sub-title-default \" data-wow-delay=\"ms\">\n\t\t\t\t<span class=\"pxl-item--subtext\">\n\t\t\t\t\t\t\t\t\t\t\t<span class=\"pxl-item--icon pxl-mr-1\">\n\t\t\t\t\t\t\t<svg xmlns=\"http:\/\/www.w3.org\/2000\/svg\" width=\"62\" height=\"17\" viewBox=\"0 0 62 17\" fill=\"none\"><path id=\"Vector\" d=\"M26.9944 0.857178H18.6414L3.27252 16.0409H11.6255L26.9944 0.857178Z\" fill=\"#D70006\"><\/path><path id=\"Vector_2\" d=\"M43.131 0.857178H34.778L19.4091 16.0409H27.7621L43.131 0.857178Z\" fill=\"#D70006\"><\/path><path id=\"Vector_3\" d=\"M59.2711 0.857178H50.9109L35.5492 16.0409H43.895L59.2711 0.857178Z\" fill=\"#D70006\"><\/path><\/svg>\t\t\t\t\t\t<\/span>\n\t\t\t\t\t\t\t\t\t\tTelefon\t\t\t\t\t<span class=\"pxl-item--subdivider\"><\/span>\n\t\t\t\t<\/span>\n\t\t\t<\/div>\n\t\t\n\t\t<h3 class=\"pxl-item--title  \" data-wow-delay=\"ms\">\n\t\t\t\t\t\t\t\t\t\n\t\t\t\t\n\t\t<\/h3>\n\n\t\t\n\t\t\n\t\t\t\t\t\t\t\t\t<\/div>\n<\/div>\t\t\t\t<\/div>\n\t\t\t\t<\/div>\n\t\t\t\t<div class=\"elementor-element elementor-element-adbe74f elementor-widget elementor-widget-pxl_heading\" data-id=\"adbe74f\" data-element_type=\"widget\" data-widget_type=\"pxl_heading.default\">\n\t\t\t\t<div class=\"elementor-widget-container\">\n\t\t\t\t\t<div id=\"pxl-pxl_heading-adbe74f-5270\" class=\"pxl-heading px-sub-title-default-style\">\n\t<div class=\"pxl-heading--inner\">\n\t\t\n\t\t\n\t\t<h3 class=\"pxl-item--title  \" data-wow-delay=\"ms\">\n\t\t\t\t\t\t\t\u0130stedi\u011finiz Zaman Bizi Aray\u0131n\t\t\n\t\t\t\t\n\t\t<\/h3>\n\n\t\t\n\t\t\n\t\t\t\t\t\t\t\t\t<\/div>\n<\/div>\t\t\t\t<\/div>\n\t\t\t\t<\/div>\n\t\t\t\t<div class=\"elementor-element elementor-element-2ed4dcf elementor-widget elementor-widget-pxl_link\" data-id=\"2ed4dcf\" data-element_type=\"widget\" data-widget_type=\"pxl_link.default\">\n\t\t\t\t<div class=\"elementor-widget-container\">\n\t\t\t\t\t    <ul class=\"pxl-link pxl-link-l1 pxl-block  \" data-wow-delay=\"ms\">\r\n                        <li class=\"\">\r\n                    <a href=\"tel:+902162904115\">\r\n                                                <span>+90 216 290 41 15<\/span>\r\n                    <\/a>\r\n                <\/li>\r\n            <\/ul>\r\n\t\t\t\t<\/div>\n\t\t\t\t<\/div>\n\t\t            <\/div>\r\n        <\/div>\r\n                <div class=\"elementor-column elementor-col-33 elementor-inner-column elementor-element elementor-element-2965a28 pxl-column-element-default pxl-column-none\" data-id=\"2965a28\" data-element_type=\"column\">\r\n        <div class=\"elementor-widget-wrap elementor-element-populated\">\r\n                     \r\n        \t\t<div class=\"elementor-element elementor-element-639c1d5 elementor-widget elementor-widget-pxl_heading\" data-id=\"639c1d5\" data-element_type=\"widget\" data-widget_type=\"pxl_heading.default\">\n\t\t\t\t<div class=\"elementor-widget-container\">\n\t\t\t\t\t<div id=\"pxl-pxl_heading-639c1d5-5011\" class=\"pxl-heading px-sub-title-default-style\">\n\t<div class=\"pxl-heading--inner\">\n\t\t\n\t\t\t\t\t<div class=\"pxl-item--subtitle px-sub-title-default \" data-wow-delay=\"ms\">\n\t\t\t\t<span class=\"pxl-item--subtext\">\n\t\t\t\t\t\t\t\t\t\t\t<span class=\"pxl-item--icon pxl-mr-1\">\n\t\t\t\t\t\t\t<svg xmlns=\"http:\/\/www.w3.org\/2000\/svg\" width=\"62\" height=\"17\" viewBox=\"0 0 62 17\" fill=\"none\"><path id=\"Vector\" d=\"M26.9944 0.857178H18.6414L3.27252 16.0409H11.6255L26.9944 0.857178Z\" fill=\"#D70006\"><\/path><path id=\"Vector_2\" d=\"M43.131 0.857178H34.778L19.4091 16.0409H27.7621L43.131 0.857178Z\" fill=\"#D70006\"><\/path><path id=\"Vector_3\" d=\"M59.2711 0.857178H50.9109L35.5492 16.0409H43.895L59.2711 0.857178Z\" fill=\"#D70006\"><\/path><\/svg>\t\t\t\t\t\t<\/span>\n\t\t\t\t\t\t\t\t\t\tEmail \t\t\t\t\t<span class=\"pxl-item--subdivider\"><\/span>\n\t\t\t\t<\/span>\n\t\t\t<\/div>\n\t\t\n\t\t<h3 class=\"pxl-item--title  \" data-wow-delay=\"ms\">\n\t\t\t\t\t\t\t\t\t\n\t\t\t\t\n\t\t<\/h3>\n\n\t\t\n\t\t\n\t\t\t\t\t\t\t\t\t<\/div>\n<\/div>\t\t\t\t<\/div>\n\t\t\t\t<\/div>\n\t\t\t\t<div class=\"elementor-element elementor-element-c16089f elementor-widget elementor-widget-pxl_heading\" data-id=\"c16089f\" data-element_type=\"widget\" data-widget_type=\"pxl_heading.default\">\n\t\t\t\t<div class=\"elementor-widget-container\">\n\t\t\t\t\t<div id=\"pxl-pxl_heading-c16089f-9870\" class=\"pxl-heading px-sub-title-default-style\">\n\t<div class=\"pxl-heading--inner\">\n\t\t\n\t\t\n\t\t<h3 class=\"pxl-item--title  \" data-wow-delay=\"ms\">\n\t\t\t\t\t\t\tB\u0130ZE POSTA G\u00d6NDER\u0130N\t\t\n\t\t\t\t\n\t\t<\/h3>\n\n\t\t\n\t\t\n\t\t\t\t\t\t\t\t\t<\/div>\n<\/div>\t\t\t\t<\/div>\n\t\t\t\t<\/div>\n\t\t\t\t<div class=\"elementor-element elementor-element-3c92e20 elementor-widget elementor-widget-pxl_link\" data-id=\"3c92e20\" data-element_type=\"widget\" data-widget_type=\"pxl_link.default\">\n\t\t\t\t<div class=\"elementor-widget-container\">\n\t\t\t\t\t    <ul class=\"pxl-link pxl-link-l1 pxl-block  \" data-wow-delay=\"ms\">\r\n                        <li class=\"\">\r\n                    <a href=\"mailto:info@automaster.com.tr\">\r\n                                                <span>info@automaster.com.tr<\/span>\r\n                    <\/a>\r\n                <\/li>\r\n            <\/ul>\r\n\t\t\t\t<\/div>\n\t\t\t\t<\/div>\n\t\t            <\/div>\r\n        <\/div>\r\n                <div class=\"elementor-column elementor-col-33 elementor-inner-column elementor-element elementor-element-c9bb40b pxl-column-element-default pxl-column-none\" data-id=\"c9bb40b\" data-element_type=\"column\">\r\n        <div class=\"elementor-widget-wrap elementor-element-populated\">\r\n                     \r\n        \t\t<div class=\"elementor-element elementor-element-a31315c elementor-widget elementor-widget-pxl_heading\" data-id=\"a31315c\" data-element_type=\"widget\" data-widget_type=\"pxl_heading.default\">\n\t\t\t\t<div class=\"elementor-widget-container\">\n\t\t\t\t\t<div id=\"pxl-pxl_heading-a31315c-6734\" class=\"pxl-heading px-sub-title-default-style\">\n\t<div class=\"pxl-heading--inner\">\n\t\t\n\t\t\t\t\t<div class=\"pxl-item--subtitle px-sub-title-default \" data-wow-delay=\"ms\">\n\t\t\t\t<span class=\"pxl-item--subtext\">\n\t\t\t\t\t\t\t\t\t\t\t<span class=\"pxl-item--icon pxl-mr-1\">\n\t\t\t\t\t\t\t<svg xmlns=\"http:\/\/www.w3.org\/2000\/svg\" width=\"62\" height=\"17\" viewBox=\"0 0 62 17\" fill=\"none\"><path id=\"Vector\" d=\"M26.9944 0.857178H18.6414L3.27252 16.0409H11.6255L26.9944 0.857178Z\" fill=\"#D70006\"><\/path><path id=\"Vector_2\" d=\"M43.131 0.857178H34.778L19.4091 16.0409H27.7621L43.131 0.857178Z\" fill=\"#D70006\"><\/path><path id=\"Vector_3\" d=\"M59.2711 0.857178H50.9109L35.5492 16.0409H43.895L59.2711 0.857178Z\" fill=\"#D70006\"><\/path><\/svg>\t\t\t\t\t\t<\/span>\n\t\t\t\t\t\t\t\t\t\tAdres\t\t\t\t\t<span class=\"pxl-item--subdivider\"><\/span>\n\t\t\t\t<\/span>\n\t\t\t<\/div>\n\t\t\n\t\t<h3 class=\"pxl-item--title  \" data-wow-delay=\"ms\">\n\t\t\t\t\t\t\t\t\t\n\t\t\t\t\n\t\t<\/h3>\n\n\t\t\n\t\t\n\t\t\t\t\t\t\t\t\t<\/div>\n<\/div>\t\t\t\t<\/div>\n\t\t\t\t<\/div>\n\t\t\t\t<div class=\"elementor-element elementor-element-8765a21 elementor-widget elementor-widget-pxl_heading\" data-id=\"8765a21\" data-element_type=\"widget\" data-widget_type=\"pxl_heading.default\">\n\t\t\t\t<div class=\"elementor-widget-container\">\n\t\t\t\t\t<div id=\"pxl-pxl_heading-8765a21-5072\" class=\"pxl-heading px-sub-title-default-style\">\n\t<div class=\"pxl-heading--inner\">\n\t\t\n\t\t\n\t\t<h3 class=\"pxl-item--title  \" data-wow-delay=\"ms\">\n\t\t\t\t\t\t\tZiyaret Edin\t\t\n\t\t\t\t\n\t\t<\/h3>\n\n\t\t\n\t\t\n\t\t\t\t\t\t\t\t\t<\/div>\n<\/div>\t\t\t\t<\/div>\n\t\t\t\t<\/div>\n\t\t\t\t<div class=\"elementor-element elementor-element-1e32930 elementor-widget elementor-widget-pxl_link\" data-id=\"1e32930\" data-element_type=\"widget\" data-widget_type=\"pxl_link.default\">\n\t\t\t\t<div class=\"elementor-widget-container\">\n\t\t\t\t\t    <ul class=\"pxl-link pxl-link-l1 pxl-block  \" data-wow-delay=\"ms\">\r\n                        <li class=\"\">\r\n                    <a href=\"#\">\r\n                                                <span>Ofis Park Maltepe<br>Altay\u00e7e\u015fme Mah. Atat\u00fcrk Cd. Engin Sk. No:1 Maltepe\/\u0130stanbul<\/span>\r\n                    <\/a>\r\n                <\/li>\r\n            <\/ul>\r\n\t\t\t\t<\/div>\n\t\t\t\t<\/div>\n\t\t            <\/div>\r\n        <\/div>\r\n        \t\t\t<\/div>\n\t\t<\/section>\n\t\t            <\/div>\r\n        <\/div>\r\n        \t\t\t<\/div>\n\t\t<\/section>\n\t\t        <section class=\"elementor-section elementor-top-section elementor-element elementor-element-b2fb98a elementor-section-stretched elementor-section-boxed elementor-section-height-default elementor-section-height-default pxl-type-header-none pxl-section-smoke_particles-no pxl-row-scroll-none\" data-id=\"b2fb98a\" data-element_type=\"section\" data-settings=\"{&quot;stretch_section&quot;:&quot;section-stretched&quot;}\">\n\n                \n                <div class=\"elementor-container elementor-column-gap-extended \">\n                <div class=\"elementor-column elementor-col-50 elementor-top-column elementor-element elementor-element-7c0a7b1 pxl-column-element-default pxl-column-none\" data-id=\"7c0a7b1\" data-element_type=\"column\">\r\n        <div class=\"elementor-widget-wrap elementor-element-populated\">\r\n                     \r\n        \t\t<div class=\"elementor-element elementor-element-bcedb2d google-map-color-custom elementor-widget__width-inherit elementor-widget elementor-widget-google_maps\" data-id=\"bcedb2d\" data-element_type=\"widget\" data-widget_type=\"google_maps.default\">\n\t\t\t\t<div class=\"elementor-widget-container\">\n\t\t\t\t\t\t\t<div class=\"elementor-custom-embed\">\n\t\t\t<iframe loading=\"lazy\"\n\t\t\t\t\tsrc=\"https:\/\/maps.google.com\/maps?q=Altay%C3%A7e%C5%9Fme%2C%2034843%20Maltepe%2F%C4%B0stanbul&#038;t=m&#038;z=14&#038;output=embed&#038;iwloc=near\"\n\t\t\t\t\ttitle=\"Altay\u00e7e\u015fme, 34843 Maltepe\/\u0130stanbul\"\n\t\t\t\t\taria-label=\"Altay\u00e7e\u015fme, 34843 Maltepe\/\u0130stanbul\"\n\t\t\t><\/iframe>\n\t\t<\/div>\n\t\t\t\t\t\t<\/div>\n\t\t\t\t<\/div>\n\t\t            <\/div>\r\n        <\/div>\r\n                <div class=\"elementor-column elementor-col-50 elementor-top-column elementor-element elementor-element-bf9c4dd pxl-column-element-default pxl-column-none\" data-id=\"bf9c4dd\" data-element_type=\"column\">\r\n        <div class=\"elementor-widget-wrap elementor-element-populated\">\r\n                     \r\n        \t\t<div class=\"elementor-element elementor-element-6cc3eea elementor-widget elementor-widget-pxl_heading\" data-id=\"6cc3eea\" data-element_type=\"widget\" data-widget_type=\"pxl_heading.default\">\n\t\t\t\t<div class=\"elementor-widget-container\">\n\t\t\t\t\t<div id=\"pxl-pxl_heading-6cc3eea-4219\" class=\"pxl-heading px-sub-title-default-style\">\n\t<div class=\"pxl-heading--inner\">\n\t\t\n\t\t\t\t\t<div class=\"pxl-item--subtitle px-sub-title-default \" data-wow-delay=\"ms\">\n\t\t\t\t<span class=\"pxl-item--subtext\">\n\t\t\t\t\t\t\t\t\t\tB\u0130ZE ULA\u015eIN!\t\t\t\t\t<span class=\"pxl-item--subdivider\"><\/span>\n\t\t\t\t<\/span>\n\t\t\t<\/div>\n\t\t\n\t\t<h3 class=\"pxl-item--title  \" data-wow-delay=\"ms\">\n\t\t\t\t\t\t\t\t\t\n\t\t\t\t\n\t\t<\/h3>\n\n\t\t\n\t\t\n\t\t\t\t\t\t\t\t\t\t\t<div class=\"px-divider--wrap \">\n\t\t\t\t<div class=\"px-title--divider px-title--divider6\"><span><\/span><\/div>\n\t\t\t<\/div>\n\t\t\t<\/div>\n<\/div>\t\t\t\t<\/div>\n\t\t\t\t<\/div>\n\t\t\t\t<div class=\"elementor-element elementor-element-b0e4bb2 elementor-widget elementor-widget-pxl_contact_form\" data-id=\"b0e4bb2\" data-element_type=\"widget\" data-widget_type=\"pxl_contact_form.default\">\n\t\t\t\t<div class=\"elementor-widget-container\">\n\t\t\t\t\t    <div class=\"pxl-contact-form pxl-contact-form1 btn-w-auto \" data-wow-delay=\"ms\">\r\n                \n<div class=\"wpcf7 no-js\" id=\"wpcf7-f6-o1\" lang=\"en-US\" dir=\"ltr\" data-wpcf7-id=\"6\">\n<div class=\"screen-reader-response\"><p role=\"status\" aria-live=\"polite\" aria-atomic=\"true\"><\/p> <ul><\/ul><\/div>\n<form action=\"\/automaster\/wp-json\/wp\/v2\/pages\/124#wpcf7-f6-o1\" method=\"post\" class=\"wpcf7-form init\" aria-label=\"Contact form\" novalidate=\"novalidate\" data-status=\"init\">\n<div style=\"display: none;\">\n<input type=\"hidden\" name=\"_wpcf7\" value=\"6\" \/>\n<input type=\"hidden\" name=\"_wpcf7_version\" value=\"6.0.6\" \/>\n<input type=\"hidden\" name=\"_wpcf7_locale\" value=\"en_US\" \/>\n<input type=\"hidden\" name=\"_wpcf7_unit_tag\" value=\"wpcf7-f6-o1\" \/>\n<input type=\"hidden\" name=\"_wpcf7_container_post\" value=\"0\" \/>\n<input type=\"hidden\" name=\"_wpcf7_posted_data_hash\" value=\"\" \/>\n<\/div>\n<div class=\"wp-row-ctf7 contact-form-custom1\">\n\t<div class=\"row pxl-group--items\">\n\t\t<div class=\"col-lg-6\">\n\t\t\t<div class=\"pxl--item your-name\">\n\t\t\t\t<p><span class=\"wpcf7-form-control-wrap\" data-name=\"your-name\"><input size=\"40\" maxlength=\"400\" class=\"wpcf7-form-control wpcf7-text wpcf7-validates-as-required\" aria-required=\"true\" aria-invalid=\"false\" value=\"Ad Soyad\" type=\"text\" name=\"your-name\" \/><\/span>\n\t\t\t\t<\/p>\n\t\t\t<\/div>\n\t\t<\/div>\n\t\t<div class=\"col-lg-6\">\n\t\t\t<div class=\"pxl--item your-emaill\">\n\t\t\t\t<p><span class=\"wpcf7-form-control-wrap\" data-name=\"your-emaill\"><input size=\"40\" maxlength=\"400\" class=\"wpcf7-form-control wpcf7-email wpcf7-validates-as-required wpcf7-text wpcf7-validates-as-email\" aria-required=\"true\" aria-invalid=\"false\" value=\"E-mail\" type=\"email\" name=\"your-emaill\" \/><\/span>\n\t\t\t\t<\/p>\n\t\t\t<\/div>\n\t\t<\/div>\n\t\t<div class=\"col-lg-12\">\n\t\t\t<div class=\"pxl--item your-subject\">\n\t\t\t\t<p><span class=\"wpcf7-form-control-wrap\" data-name=\"your-subject\"><input size=\"40\" maxlength=\"400\" class=\"wpcf7-form-control wpcf7-text wpcf7-validates-as-required\" aria-required=\"true\" aria-invalid=\"false\" value=\"Konu\" type=\"text\" name=\"your-subject\" \/><\/span>\n\t\t\t\t<\/p>\n\t\t\t<\/div>\n\t\t<\/div>\n\t\t<div class=\"col-lg-12\">\n\t\t\t<div class=\"pxl--item your-message\">\n\t\t\t\t<p><span class=\"wpcf7-form-control-wrap\" data-name=\"textarea-823\"><textarea cols=\"40\" rows=\"10\" maxlength=\"2000\" class=\"wpcf7-form-control wpcf7-textarea wpcf7-validates-as-required\" aria-required=\"true\" aria-invalid=\"false\" name=\"textarea-823\"><\/textarea><\/span>\n\t\t\t\t<\/p>\n\t\t\t<\/div>\n\t\t<\/div>\n\t<\/div>\n\t<div class=\"col-lg-12\">\n\t\t<div class=\"row pxl--item input-filled-btn\">\n\t\t\t<p><button type=\"submit\" class=\"btn btn-default pxl-icon--right\" data-animation=\"pxl-xspin\">G\u00f6nder<i class=\"i-plus\"><\/i><\/button>\n\t\t\t<\/p>\n\t\t<\/div>\n\t<\/div>\n<\/div><div class=\"wpcf7-response-output\" aria-hidden=\"true\"><\/div>\n<\/form>\n<\/div>\n    <\/div>\r\n\t\t\t\t<\/div>\n\t\t\t\t<\/div>\n\t\t            <\/div>\r\n        <\/div>\r\n        \t\t\t<\/div>\n\t\t<\/section>\n\t\t        <section class=\"elementor-section elementor-top-section elementor-element elementor-element-961eae8 elementor-section-boxed elementor-section-height-default elementor-section-height-default pxl-type-header-none pxl-section-smoke_particles-no pxl-row-scroll-none\" data-id=\"961eae8\" data-element_type=\"section\">\n\n                \n                <div class=\"elementor-container elementor-column-gap-default \">\n                <div class=\"elementor-column elementor-col-100 elementor-top-column elementor-element elementor-element-165ddc9 pxl-column-element-default pxl-column-none\" data-id=\"165ddc9\" data-element_type=\"column\">\r\n        <div class=\"elementor-widget-wrap elementor-element-populated\">\r\n                     \r\n        \t\t<div class=\"elementor-element elementor-element-3b12b17 elementor-widget elementor-widget-html\" data-id=\"3b12b17\" data-element_type=\"widget\" data-widget_type=\"html.default\">\n\t\t\t\t<div class=\"elementor-widget-container\">\n\t\t\t\t\t<style>\r\n  .popup-overlay {\r\n    position: fixed; top: 0; left: 0;\r\n    width: 100vw; height: 100vh;\r\n    background: rgba(0,0,0,0.7);\r\n    display: none; justify-content: center; align-items: center;\r\n    z-index: 9999;\r\n    padding: 20px;\r\n  }\r\n\r\n  .popup {\r\n    background: #1c1c1c; color: #eee;\r\n    padding: 16px; border-radius: 8px;\r\n    max-width: 360px; width: 100%;\r\n    font-family: \"Segoe UI\", Tahoma, Geneva, Verdana, sans-serif;\r\n    position: relative;\r\n    box-shadow: 0 0 10px rgba(0,0,0,0.7);\r\n    font-size: 12px;\r\n  }\r\n\r\n  .close-btn {\r\n    position: absolute; top: 8px; right: 12px;\r\n    font-size: 20px; color: #FFB30F; cursor: pointer;\r\n    font-weight: bold;\r\n  }\r\n\r\n  h3 {\r\n    text-align: center;\r\n    color: #d70006;\r\n    margin-bottom: 14px;\r\n    font-size: 15px;\r\n  }\r\n\r\n  .form-group {\r\n    margin-bottom: 12px;\r\n  }\r\n\r\n  .form-group label {\r\n    display: block; font-weight: 600;\r\n    margin-bottom: 3px; color: #ccc;\r\n  }\r\n\r\n  .form-group input,\r\n  .form-group select,\r\n  .form-group textarea {\r\n    width: 100%;\r\n    padding: 6px 9px;\r\n    border-radius: 5px;\r\n    border: 1px solid #444;\r\n    background: #2b2b2b;\r\n    color: #eee;\r\n    font-size: 12px;\r\n  }\r\n\r\n  .form-group input::placeholder,\r\n  .form-group textarea::placeholder {\r\n    color: #888;\r\n  }\r\n\r\n  .form-group input:focus,\r\n  .form-group textarea:focus,\r\n  .form-group select:focus {\r\n    border-color: #d70006;\r\n    outline: none;\r\n    background-color: #fff;\r\n    color: #000;\r\n  }\r\n\r\n  .form-group select[multiple] {\r\n    height: 80px;\r\n  }\r\n\r\n  .form-group textarea {\r\n    height: 60px; \/* Daha k\u00fc\u00e7\u00fck textarea *\/\r\n    resize: vertical;\r\n  }\r\n\r\n  .submit-btn {\r\n    background-color: #d70006;\r\n    color: #fff;\r\n    padding: 9px 0;\r\n    width: 100%;\r\n    font-weight: 600;\r\n    font-size: 13px;\r\n    border: none;\r\n    border-radius: 6px;\r\n    cursor: pointer;\r\n    transition: all 0.3s ease;\r\n  }\r\n\r\n  .submit-btn:hover {\r\n    background-color: #fff;\r\n    color: #d70006;\r\n    border: 1px solid #d70006;\r\n  }\r\n<\/style>\r\n\r\n<div class=\"popup-overlay\" id=\"popup-overlay\">\r\n  <div class=\"popup\">\r\n    <span class=\"close-btn\" onclick=\"closePopup()\">&times;<\/span>\r\n\r\n    <div id=\"form-content\">\r\n      <h3>Automaster \u0130\u015f Ba\u015fvuru Formu<\/h3>\r\n      <form id=\"isYeriForm\" enctype=\"multipart\/form-data\" method=\"POST\">\r\n        \r\n        <div class=\"form-group\">\r\n          <label for=\"adsoyad\">Ad Soyad<\/label>\r\n          <input type=\"text\" id=\"adsoyad\" name=\"adsoyad\" placeholder=\"Ad Soyad\" required>\r\n        <\/div>\r\n\r\n        <div class=\"form-group\">\r\n          <label for=\"telefon\">Telefon<\/label>\r\n          <input type=\"tel\" id=\"telefon\" name=\"telefon\" placeholder=\"Telefon\" required>\r\n        <\/div>\r\n\r\n        <div class=\"form-group\">\r\n          <label for=\"email\">E-posta<\/label>\r\n          <input type=\"email\" id=\"email\" name=\"email\" placeholder=\"E-posta\" required>\r\n        <\/div>\r\n\r\n        \r\n\r\n        <div class=\"form-group\">\r\n          <label for=\"egitim\">E\u011fitim Durumu<\/label>\r\n          <select id=\"egitim\" name=\"egitim\" required>\r\n            <option value=\"\" disabled selected hidden>Se\u00e7iniz<\/option>\r\n            <option value=\"Lise\">Lise<\/option>\r\n            <option value=\"Teknik Lise\">Teknik Lise<\/option>\r\n            <option value=\"\u00d6nlisans\">\u00d6nlisans<\/option>\r\n            <option value=\"Lisans\">Lisans<\/option>\r\n          <\/select>\r\n        <\/div>\r\n\r\n        <div class=\"form-group\">\r\n          <label for=\"ehliyet\">Ehliyet Durumu<\/label>\r\n          <select id=\"ehliyet\" name=\"ehliyet\" required>\r\n            <option value=\"\" disabled selected hidden>Se\u00e7iniz<\/option>\r\n            <option value=\"Yok\">Yok<\/option>\r\n            <option value=\"B S\u0131n\u0131f\u0131\">B S\u0131n\u0131f\u0131<\/option>\r\n            <option value=\"D S\u0131n\u0131f\u0131\">D S\u0131n\u0131f\u0131<\/option>\r\n          <\/select>\r\n        <\/div>\r\n\r\n        <div class=\"form-group\">\r\n          <label for=\"vardiya\">Vardiyal\u0131 \u00e7al\u0131\u015fabilir misiniz?<\/label>\r\n          <select id=\"vardiya\" name=\"vardiya\" required>\r\n            <option value=\"\" disabled selected hidden>Se\u00e7iniz<\/option>\r\n            <option value=\"Evet\">Evet<\/option>\r\n            <option value=\"Hay\u0131r\">Hay\u0131r<\/option>\r\n          <\/select>\r\n        <\/div>\r\n\r\n        <div class=\"form-group\">\r\n          <label for=\"mesaj\">Kendinizi tan\u0131t\u0131n<\/label>\r\n          <textarea id=\"mesaj\" name=\"mesaj\" placeholder=\"K\u0131sa bilgi\" required><\/textarea>\r\n        <\/div>\r\n\r\n        <div class=\"form-group\">\r\n          <label for=\"cv\">CV Y\u00fckle<\/label>\r\n          <input type=\"file\" id=\"cv\" name=\"cv\" accept=\".pdf,.doc,.docx\" required>\r\n        <\/div>\r\n\r\n        <button type=\"submit\" class=\"submit-btn\">Ba\u015fvuruyu G\u00f6nder<\/button>\r\n      <\/form>\r\n    <\/div>\r\n\r\n    <div id=\"success-message\" style=\"display:none; text-align:center; color:#d70006;\">\r\n      <h3>Mesaj\u0131n\u0131z ba\u015far\u0131yla g\u00f6nderildi<\/h3>\r\n      <p>En k\u0131sa s\u00fcrede sizinle ileti\u015fime ge\u00e7ece\u011fiz.<\/p>\r\n    <\/div>\r\n  <\/div>\r\n<\/div>\r\n\r\n<script>\r\nfunction openPopup() {\r\n  document.getElementById(\"popup-overlay\").style.display = \"flex\";\r\n}\r\nfunction closePopup() {\r\n  document.getElementById(\"popup-overlay\").style.display = \"none\";\r\n  document.getElementById(\"form-content\").style.display = \"block\";\r\n  document.getElementById(\"success-message\").style.display = \"none\";\r\n  history.pushState(\"\", document.title, window.location.pathname);\r\n}\r\n\r\nconst form = document.getElementById(\"isYeriForm\");\r\nform.addEventListener(\"submit\", function(e) {\r\n  e.preventDefault();\r\n  const formData = new FormData(form);\r\n  formData.append(\"action\", \"automaster_ik_form_send\");\r\n\r\n  fetch(\"\/wp-admin\/admin-ajax.php\", {\r\n    method: \"POST\",\r\n    body: formData\r\n  })\r\n  .then(res => res.text())\r\n  .then(data => {\r\n    form.reset();\r\n    document.getElementById(\"form-content\").style.display = \"none\";\r\n    document.getElementById(\"success-message\").style.display = \"block\";\r\n  })\r\n  .catch(err => alert(\"Hata: \" + err));\r\n});\r\n\r\nif (window.location.hash === \"#popup-ac\") openPopup();\r\nwindow.addEventListener(\"hashchange\", () => {\r\n  if (window.location.hash === \"#popup-ac\") openPopup();\r\n});\r\n<\/script>\r\n\t\t\t\t<\/div>\n\t\t\t\t<\/div>\n\t\t            <\/div>\r\n        <\/div>\r\n        \t\t\t<\/div>\n\t\t<\/section>\n\t\t\t\t<\/div>\n\t\t","protected":false},"excerpt":{"rendered":"<p>Telefon \u0130stedi\u011finiz Zaman Bizi Aray\u0131n +90 216 290 41 15 Email B\u0130ZE POSTA G\u00d6NDER\u0130N info@automaster.com.tr Adres Ziyaret Edin Ofis Park MaltepeAltay\u00e7e\u015fme Mah. Atat\u00fcrk Cd. Engin Sk. No:1 Maltepe\/\u0130stanbul B\u0130ZE ULA\u015eIN! G\u00f6nder &times; Automaster \u0130\u015f Ba\u015fvuru Formu Ad Soyad Telefon E-posta E\u011fitim Durumu Se\u00e7inizLiseTeknik Lise\u00d6nlisansLisans Ehliyet Durumu Se\u00e7inizYokB S\u0131n\u0131f\u0131D S\u0131n\u0131f\u0131 Vardiyal\u0131 \u00e7al\u0131\u015fabilir misiniz? Se\u00e7inizEvetHay\u0131r Kendinizi tan\u0131t\u0131n [&hellip;]<\/p>\n","protected":false},"author":1,"featured_media":0,"parent":0,"menu_order":0,"comment_status":"closed","ping_status":"closed","template":"","meta":{"footnotes":""},"class_list":["post-124","page","type-page","status-publish","hentry"],"_links":{"self":[{"href":"https:\/\/web-demo2.com.tr\/automaster\/wp-json\/wp\/v2\/pages\/124","targetHints":{"allow":["GET"]}}],"collection":[{"href":"https:\/\/web-demo2.com.tr\/automaster\/wp-json\/wp\/v2\/pages"}],"about":[{"href":"https:\/\/web-demo2.com.tr\/automaster\/wp-json\/wp\/v2\/types\/page"}],"author":[{"embeddable":true,"href":"https:\/\/web-demo2.com.tr\/automaster\/wp-json\/wp\/v2\/users\/1"}],"replies":[{"embeddable":true,"href":"https:\/\/web-demo2.com.tr\/automaster\/wp-json\/wp\/v2\/comments?post=124"}],"version-history":[{"count":43,"href":"https:\/\/web-demo2.com.tr\/automaster\/wp-json\/wp\/v2\/pages\/124\/revisions"}],"predecessor-version":[{"id":10630,"href":"https:\/\/web-demo2.com.tr\/automaster\/wp-json\/wp\/v2\/pages\/124\/revisions\/10630"}],"wp:attachment":[{"href":"https:\/\/web-demo2.com.tr\/automaster\/wp-json\/wp\/v2\/media?parent=124"}],"curies":[{"name":"wp","href":"https:\/\/api.w.org\/{rel}","templated":true}]}}