{"id":9020,"date":"2025-06-16T12:33:37","date_gmt":"2025-06-16T12:33:37","guid":{"rendered":"https:\/\/web-demo2.com.tr\/automaster\/?page_id=9020"},"modified":"2025-09-08T03:26:12","modified_gmt":"2025-09-08T03:26:12","slug":"sertifikalar","status":"publish","type":"page","link":"https:\/\/web-demo2.com.tr\/automaster\/sertifikalar\/","title":{"rendered":"Sertifikalar"},"content":{"rendered":"\t\t<div data-elementor-type=\"wp-page\" data-elementor-id=\"9020\" class=\"elementor elementor-9020\">\n\t\t\t\t        <section class=\"elementor-section elementor-top-section elementor-element elementor-element-745f017 elementor-section-boxed elementor-section-height-default elementor-section-height-default pxl-type-header-none pxl-section-smoke_particles-no pxl-row-scroll-none\" data-id=\"745f017\" data-element_type=\"section\">\n\n                \n                <div class=\"elementor-container elementor-column-gap-default \">\n                <div class=\"elementor-column elementor-col-100 elementor-top-column elementor-element elementor-element-b594f88 pxl-column-element-default pxl-column-none\" data-id=\"b594f88\" data-element_type=\"column\">\r\n        <div class=\"elementor-widget-wrap elementor-element-populated\">\r\n                     \r\n        \t\t<div class=\"elementor-element elementor-element-871c1ea sub-title-dark-custom elementor-widget elementor-widget-pxl_heading\" data-id=\"871c1ea\" data-element_type=\"widget\" data-widget_type=\"pxl_heading.default\">\n\t\t\t\t<div class=\"elementor-widget-container\">\n\t\t\t\t\t<div id=\"pxl-pxl_heading-871c1ea-8563\" class=\"pxl-heading px-sub-title-default-style\">\n\t<div class=\"pxl-heading--inner\">\n\t\t\n\t\t\t\t\t<div class=\"pxl-item--subtitle px-sub-title-default wow letter\" data-wow-delay=\"ms\">\n\t\t\t\t<span class=\"pxl-item--subtext\">\n\t\t\t\t\t\t\t\t\t\t\t<span class=\"pxl-item--icon pxl-mr-1\">\n\t\t\t\t\t\t\t<svg xmlns=\"http:\/\/www.w3.org\/2000\/svg\" width=\"62\" height=\"17\" viewBox=\"0 0 62 17\" fill=\"none\"><path id=\"Vector\" d=\"M26.9944 0.857178H18.6414L3.27252 16.0409H11.6255L26.9944 0.857178Z\" fill=\"#D70006\"><\/path><path id=\"Vector_2\" d=\"M43.131 0.857178H34.778L19.4091 16.0409H27.7621L43.131 0.857178Z\" fill=\"#D70006\"><\/path><path id=\"Vector_3\" d=\"M59.2711 0.857178H50.9109L35.5492 16.0409H43.895L59.2711 0.857178Z\" fill=\"#D70006\"><\/path><\/svg>\t\t\t\t\t\t<\/span>\n\t\t\t\t\t\t\t\t\t\tSertifikalar\u0131m\u0131z\t\t\t\t\t<span class=\"pxl-item--subdivider\"><\/span>\n\t\t\t\t<\/span>\n\t\t\t<\/div>\n\t\t\n\t\t<h3 class=\"pxl-item--title  \" data-wow-delay=\"ms\">\n\t\t\t\t\t\t\t\t\t\n\t\t\t\t\n\t\t<\/h3>\n\n\t\t\n\t\t\n\t\t\t\t\t\t\t\t\t<\/div>\n<\/div>\t\t\t\t<\/div>\n\t\t\t\t<\/div>\n\t\t\t\t<div class=\"elementor-element elementor-element-47a05b1 elementor-widget elementor-widget-html\" data-id=\"47a05b1\" data-element_type=\"widget\" data-widget_type=\"html.default\">\n\t\t\t\t<div class=\"elementor-widget-container\">\n\t\t\t\t\t\r\n   <center><center> <p style=\"font-size: 14px; max-width: 1350px; margin: auto; line-height: 1.6;\">\r\n      Automaster olarak sundu\u011fumuz t\u00fcm hizmetlerde kalite ve g\u00fcvenilirli\u011fi \u00f6n planda tutuyoruz. Ald\u0131\u011f\u0131m\u0131z uluslararas\u0131 sertifikalar ve belgeler, profesyonelli\u011fimizin ve m\u00fc\u015fteri memnuniyetine verdi\u011fimiz \u00f6nemin en \u00f6nemli g\u00f6stergesidir.\r\n    <\/p><\/center>\r\n  \t\t\t\t<\/div>\n\t\t\t\t<\/div>\n\t\t            <\/div>\r\n        <\/div>\r\n        \t\t\t<\/div>\n\t\t<\/section>\n\t\t        <section class=\"elementor-section elementor-top-section elementor-element elementor-element-4513472 elementor-section-boxed elementor-section-height-default elementor-section-height-default pxl-type-header-none pxl-section-smoke_particles-no pxl-row-scroll-none\" data-id=\"4513472\" data-element_type=\"section\">\n\n                \n                <div class=\"elementor-container elementor-column-gap-default \">\n                <div class=\"elementor-column elementor-col-100 elementor-top-column elementor-element elementor-element-f9fb1fb pxl-column-element-default pxl-column-none\" data-id=\"f9fb1fb\" data-element_type=\"column\">\r\n        <div class=\"elementor-widget-wrap elementor-element-populated\">\r\n                     \r\n        \t\t<div class=\"elementor-element elementor-element-1dd239a elementor-widget elementor-widget-html\" data-id=\"1dd239a\" data-element_type=\"widget\" data-widget_type=\"html.default\">\n\t\t\t\t<div class=\"elementor-widget-container\">\n\t\t\t\t\t<style>\r\n  .certificate-box {\r\n    background-color: #111;\r\n    border: 1px solid #333;\r\n    border-radius: 10px;\r\n    padding: 20px;\r\n    width: 250px;\r\n    transition: all 0.3s ease;\r\n  }\r\n\r\n  .certificate-box h3 {\r\n    color: #fff;\r\n    transition: color 0.3s ease;\r\n  }\r\n  h3\r\n  {\r\n      font-size:15px;\r\n      \r\n  }\r\n\r\n  .certificate-box:hover {\r\n    border-color: #c70000;\r\n  }\r\n\r\n  .certificate-box:hover h3 {\r\n    color: #c70000;\r\n  }\r\n<\/style>\r\n\r\n<section style=\"color: white; padding: 0px 0px;\">\r\n  <div style=\"max-width: 1200px; margin: auto; text-align: center;\">\r\n    <div style=\"display: flex; flex-wrap: wrap; justify-content: center; gap: 30px; margin-top: 40px;\">\r\n      \r\n      <div class=\"certificate-box\">\r\n        <a href=\"https:\/\/www.automaster.com.tr\/site\/assets\/files\/1092\/autosol_msds_kunststoff_pflege_2013-09-18_en.pdf\" target=\"_blank\">\r\n          <h3>MSDS Kunststoff Pflege 2013-09-18<\/h3>\r\n          <p style=\"font-size: 12px;color:#999\">120.37 KB<\/p>\r\n          <img decoding=\"async\" src=\"https:\/\/web-demo2.com.tr\/automaster\/wp-content\/uploads\/2025\/06\/autosolsertifika.0x60.png\">\r\n        <\/a>\r\n      <\/div>\r\n\r\n      <div class=\"certificate-box\">\r\n        <a href=\"https:\/\/www.automaster.com.tr\/site\/assets\/files\/1092\/autosol_msds_nanoprotection_hartwachs_19-01-2011_en.pdf\" target=\"_blank\">\r\n          <h3>MSDS NanoProtection Hartwachs 19-01-2011<\/h3>\r\n          <p style=\"font-size: 12px;color:#999\">75.03 KB<\/p>\r\n          <img decoding=\"async\" src=\"https:\/\/web-demo2.com.tr\/automaster\/wp-content\/uploads\/2025\/06\/autosolsertifika.0x60.png\">\r\n        <\/a>\r\n      <\/div>\r\n\r\n      <div class=\"certificate-box\">\r\n        <a href=\"https:\/\/www.automaster.com.tr\/site\/assets\/files\/1092\/autosol_msds_textileprotection_led32_2013_11_27_en.pdf\" target=\"_blank\">\r\n          <h3>MSDS Textile Protection LED32 27-11.2013<\/h3>\r\n          <p style=\"font-size: 12px;color:#999\">124.08 KB<\/p>\r\n          <img decoding=\"async\" src=\"https:\/\/web-demo2.com.tr\/automaster\/wp-content\/uploads\/2025\/06\/autosolsertifika.0x60.png\">\r\n        <\/a>\r\n      <\/div>\r\n\r\n      <div class=\"certificate-box\">\r\n        <a href=\"https:\/\/www.automaster.com.tr\/site\/assets\/files\/1093\/zirconite_fabric_protector.pdf\" target=\"_blank\">\r\n          <h3>MSDS Insektenentferner 2013-09-18<\/h3>\r\n          <p style=\"font-size: 12px;color:#999\">106.51 KB<\/p>\r\n          <img decoding=\"async\" src=\"https:\/\/web-demo2.com.tr\/automaster\/wp-content\/uploads\/2025\/06\/zirconite1.png\">\r\n        <\/a>\r\n      <\/div>\r\n\r\n    <\/div>\r\n  <\/div>\r\n<\/section>\r\n\t\t\t\t<\/div>\n\t\t\t\t<\/div>\n\t\t            <\/div>\r\n        <\/div>\r\n        \t\t\t<\/div>\n\t\t<\/section>\n\t\t        <section class=\"elementor-section elementor-top-section elementor-element elementor-element-d608b73 elementor-section-boxed elementor-section-height-default elementor-section-height-default pxl-type-header-none pxl-section-smoke_particles-no pxl-row-scroll-none\" data-id=\"d608b73\" data-element_type=\"section\">\n\n                \n                <div class=\"elementor-container elementor-column-gap-default \">\n                <div class=\"elementor-column elementor-col-100 elementor-top-column elementor-element elementor-element-061ea87 pxl-column-element-default pxl-column-none\" data-id=\"061ea87\" data-element_type=\"column\">\r\n        <div class=\"elementor-widget-wrap elementor-element-populated\">\r\n                     \r\n        \t\t<div class=\"elementor-element elementor-element-16dc927 elementor-widget elementor-widget-html\" data-id=\"16dc927\" data-element_type=\"widget\" data-widget_type=\"html.default\">\n\t\t\t\t<div class=\"elementor-widget-container\">\n\t\t\t\t\t<style>\r\n  .certificate-box {\r\n    background-color: #111;\r\n    border: 1px solid #333;\r\n    border-radius: 10px;\r\n    padding: 20px;\r\n    width: 250px;\r\n    transition: all 0.3s ease;\r\n  }\r\n\r\n  .certificate-box h3 {\r\n    color: #fff;\r\n    transition: color 0.3s ease;\r\n    font-size: 15px;\r\n    margin-top: 15px;\r\n  }\r\n\r\n  .certificate-box:hover {\r\n    border-color: #c70000;\r\n  }\r\n\r\n  .certificate-box:hover h3 {\r\n    color: #c70000;\r\n  }\r\n<\/style>\r\n\r\n<section style=\"color: white; padding: 0px 20px;\">\r\n  <div style=\"max-width: 1200px; margin: auto; text-align: center;\">\r\n    <div style=\"display: flex; flex-wrap: wrap; justify-content: center; gap: 30px; margin-top: 0px;\">\r\n\r\n      <div class=\"certificate-box\">\r\n        <a href=\"https:\/\/www.automaster.com.tr\/site\/assets\/files\/1093\/zirconite_leather_foam.pdf\" target=\"_blank\">\r\n          <h3>MSDS Felgenreiniger 2013-09-18<\/h3>\r\n          <p style=\"font-size: 12px; color:#999\">106.52 KB<\/p>\r\n          <img decoding=\"async\" src=\"https:\/\/web-demo2.com.tr\/automaster\/wp-content\/uploads\/2025\/06\/zirconite1.png\">\r\n        <\/a>\r\n      <\/div>\r\n\r\n      <div class=\"certificate-box\">\r\n        <a href=\"https:\/\/www.automaster.com.tr\/site\/assets\/files\/1093\/zirconite_stage_1_-_pre_glaze.pdf\" target=\"_blank\">\r\n          <h3>MSDS Innenreiniger 2013-09-18<\/h3>\r\n          <p style=\"font-size: 12px; color:#999\">120.25 KB<\/p>\r\n          <img decoding=\"async\" src=\"https:\/\/web-demo2.com.tr\/automaster\/wp-content\/uploads\/2025\/06\/zirconite1.png\">\r\n        <\/a>\r\n      <\/div>\r\n\r\n      <div class=\"certificate-box\">\r\n        <a href=\"https:\/\/www.automaster.com.tr\/site\/assets\/files\/1093\/zirconite_stage_2-_glaze.pdf\" target=\"_blank\">\r\n          <h3>MSDS Scheinwerferpolitur 2013-09-18<\/h3>\r\n          <p style=\"font-size: 12px; color:#999\">105.80 KB<\/p>\r\n          <img decoding=\"async\" src=\"https:\/\/web-demo2.com.tr\/automaster\/wp-content\/uploads\/2025\/06\/zirconite1.png\">\r\n        <\/a>\r\n      <\/div>\r\n\r\n      <div class=\"certificate-box\">\r\n        <a href=\"https:\/\/www.automaster.com.tr\/site\/assets\/files\/1093\/zirconiteleathershield.pdf\" target=\"_blank\">\r\n          <h3>MSDS Scheinwerferpolitur 2013-09-18<\/h3>\r\n          <p style=\"font-size: 12px; color:#999\">105.80 KB<\/p>\r\n          <img decoding=\"async\" src=\"https:\/\/web-demo2.com.tr\/automaster\/wp-content\/uploads\/2025\/06\/zirconite1.png\">\r\n        <\/a>\r\n      <\/div>\r\n\r\n    <\/div>\r\n  <\/div>\r\n<\/section>\r\n\t\t\t\t<\/div>\n\t\t\t\t<\/div>\n\t\t            <\/div>\r\n        <\/div>\r\n        \t\t\t<\/div>\n\t\t<\/section>\n\t\t        <section class=\"elementor-section elementor-top-section elementor-element elementor-element-7119d8d elementor-section-boxed elementor-section-height-default elementor-section-height-default pxl-type-header-none pxl-section-smoke_particles-no pxl-row-scroll-none\" data-id=\"7119d8d\" data-element_type=\"section\">\n\n                \n                <div class=\"elementor-container elementor-column-gap-default \">\n                <div class=\"elementor-column elementor-col-100 elementor-top-column elementor-element elementor-element-9a67be2 pxl-column-element-default pxl-column-none\" data-id=\"9a67be2\" data-element_type=\"column\">\r\n        <div class=\"elementor-widget-wrap elementor-element-populated\">\r\n                     \r\n        \t\t<div class=\"elementor-element elementor-element-c16637a elementor-widget elementor-widget-spacer\" data-id=\"c16637a\" data-element_type=\"widget\" data-widget_type=\"spacer.default\">\n\t\t\t\t<div class=\"elementor-widget-container\">\n\t\t\t\t\t\t\t<div class=\"elementor-spacer\">\n\t\t\t<div class=\"elementor-spacer-inner\"><\/div>\n\t\t<\/div>\n\t\t\t\t\t\t<\/div>\n\t\t\t\t<\/div>\n\t\t            <\/div>\r\n        <\/div>\r\n        \t\t\t<\/div>\n\t\t<\/section>\n\t\t        <section class=\"elementor-section elementor-top-section elementor-element elementor-element-531e1f6 elementor-section-boxed elementor-section-height-default elementor-section-height-default pxl-type-header-none pxl-section-smoke_particles-no pxl-row-scroll-none\" data-id=\"531e1f6\" data-element_type=\"section\">\n\n                \n                <div class=\"elementor-container elementor-column-gap-default \">\n                <div class=\"elementor-column elementor-col-100 elementor-top-column elementor-element elementor-element-dc4b79f pxl-column-element-default pxl-column-none\" data-id=\"dc4b79f\" data-element_type=\"column\">\r\n        <div class=\"elementor-widget-wrap elementor-element-populated\">\r\n                     \r\n        \t\t<div class=\"elementor-element elementor-element-a003945 elementor-widget elementor-widget-html\" data-id=\"a003945\" data-element_type=\"widget\" data-widget_type=\"html.default\">\n\t\t\t\t<div class=\"elementor-widget-container\">\n\t\t\t\t\t<style>\r\n  .popup-overlay {\r\n    position: fixed; top: 0; left: 0;\r\n    width: 100vw; height: 100vh;\r\n    background: rgba(0,0,0,0.7);\r\n    display: none; justify-content: center; align-items: center;\r\n    z-index: 9999;\r\n    padding: 20px;\r\n  }\r\n\r\n  .popup {\r\n    background: #1c1c1c; color: #eee;\r\n    padding: 16px; border-radius: 8px;\r\n    max-width: 360px; width: 100%;\r\n    font-family: \"Segoe UI\", Tahoma, Geneva, Verdana, sans-serif;\r\n    position: relative;\r\n    box-shadow: 0 0 10px rgba(0,0,0,0.7);\r\n    font-size: 12px;\r\n  }\r\n\r\n  .close-btn {\r\n    position: absolute; top: 8px; right: 12px;\r\n    font-size: 20px; color: #FFB30F; cursor: pointer;\r\n    font-weight: bold;\r\n  }\r\n\r\n  h3 {\r\n    text-align: center;\r\n    color: #d70006;\r\n    margin-bottom: 14px;\r\n    font-size: 15px;\r\n  }\r\n\r\n  .form-group {\r\n    margin-bottom: 12px;\r\n  }\r\n\r\n  .form-group label {\r\n    display: block; font-weight: 600;\r\n    margin-bottom: 3px; color: #ccc;\r\n  }\r\n\r\n  .form-group input,\r\n  .form-group select,\r\n  .form-group textarea {\r\n    width: 100%;\r\n    padding: 6px 9px;\r\n    border-radius: 5px;\r\n    border: 1px solid #444;\r\n    background: #2b2b2b;\r\n    color: #eee;\r\n    font-size: 12px;\r\n  }\r\n\r\n  .form-group input::placeholder,\r\n  .form-group textarea::placeholder {\r\n    color: #888;\r\n  }\r\n\r\n  .form-group input:focus,\r\n  .form-group textarea:focus,\r\n  .form-group select:focus {\r\n    border-color: #d70006;\r\n    outline: none;\r\n    background-color: #fff;\r\n    color: #000;\r\n  }\r\n\r\n  .form-group select[multiple] {\r\n    height: 80px;\r\n  }\r\n\r\n  .form-group textarea {\r\n    height: 60px; \/* Daha k\u00fc\u00e7\u00fck textarea *\/\r\n    resize: vertical;\r\n  }\r\n\r\n  .submit-btn {\r\n    background-color: #d70006;\r\n    color: #fff;\r\n    padding: 9px 0;\r\n    width: 100%;\r\n    font-weight: 600;\r\n    font-size: 13px;\r\n    border: none;\r\n    border-radius: 6px;\r\n    cursor: pointer;\r\n    transition: all 0.3s ease;\r\n  }\r\n\r\n  .submit-btn:hover {\r\n    background-color: #fff;\r\n    color: #d70006;\r\n    border: 1px solid #d70006;\r\n  }\r\n<\/style>\r\n\r\n<div class=\"popup-overlay\" id=\"popup-overlay\">\r\n  <div class=\"popup\">\r\n    <span class=\"close-btn\" onclick=\"closePopup()\">&times;<\/span>\r\n\r\n    <div id=\"form-content\">\r\n      <h3>Automaster \u0130\u015f Ba\u015fvuru Formu<\/h3>\r\n      <form id=\"isYeriForm\" enctype=\"multipart\/form-data\" method=\"POST\">\r\n        \r\n        <div class=\"form-group\">\r\n          <label for=\"adsoyad\">Ad Soyad<\/label>\r\n          <input type=\"text\" id=\"adsoyad\" name=\"adsoyad\" placeholder=\"Ad Soyad\" required>\r\n        <\/div>\r\n\r\n        <div class=\"form-group\">\r\n          <label for=\"telefon\">Telefon<\/label>\r\n          <input type=\"tel\" id=\"telefon\" name=\"telefon\" placeholder=\"Telefon\" required>\r\n        <\/div>\r\n\r\n        <div class=\"form-group\">\r\n          <label for=\"email\">E-posta<\/label>\r\n          <input type=\"email\" id=\"email\" name=\"email\" placeholder=\"E-posta\" required>\r\n        <\/div>\r\n\r\n        \r\n\r\n        <div class=\"form-group\">\r\n          <label for=\"egitim\">E\u011fitim Durumu<\/label>\r\n          <select id=\"egitim\" name=\"egitim\" required>\r\n            <option value=\"\" disabled selected hidden>Se\u00e7iniz<\/option>\r\n            <option value=\"Lise\">Lise<\/option>\r\n            <option value=\"Teknik Lise\">Teknik Lise<\/option>\r\n            <option value=\"\u00d6nlisans\">\u00d6nlisans<\/option>\r\n            <option value=\"Lisans\">Lisans<\/option>\r\n          <\/select>\r\n        <\/div>\r\n\r\n        <div class=\"form-group\">\r\n          <label for=\"ehliyet\">Ehliyet Durumu<\/label>\r\n          <select id=\"ehliyet\" name=\"ehliyet\" required>\r\n            <option value=\"\" disabled selected hidden>Se\u00e7iniz<\/option>\r\n            <option value=\"Yok\">Yok<\/option>\r\n            <option value=\"B S\u0131n\u0131f\u0131\">B S\u0131n\u0131f\u0131<\/option>\r\n            <option value=\"D S\u0131n\u0131f\u0131\">D S\u0131n\u0131f\u0131<\/option>\r\n          <\/select>\r\n        <\/div>\r\n\r\n        <div class=\"form-group\">\r\n          <label for=\"vardiya\">Vardiyal\u0131 \u00e7al\u0131\u015fabilir misiniz?<\/label>\r\n          <select id=\"vardiya\" name=\"vardiya\" required>\r\n            <option value=\"\" disabled selected hidden>Se\u00e7iniz<\/option>\r\n            <option value=\"Evet\">Evet<\/option>\r\n            <option value=\"Hay\u0131r\">Hay\u0131r<\/option>\r\n          <\/select>\r\n        <\/div>\r\n\r\n        <div class=\"form-group\">\r\n          <label for=\"mesaj\">Kendinizi tan\u0131t\u0131n<\/label>\r\n          <textarea id=\"mesaj\" name=\"mesaj\" placeholder=\"K\u0131sa bilgi\" required><\/textarea>\r\n        <\/div>\r\n\r\n        <div class=\"form-group\">\r\n          <label for=\"cv\">CV Y\u00fckle<\/label>\r\n          <input type=\"file\" id=\"cv\" name=\"cv\" accept=\".pdf,.doc,.docx\" required>\r\n        <\/div>\r\n\r\n        <button type=\"submit\" class=\"submit-btn\">Ba\u015fvuruyu G\u00f6nder<\/button>\r\n      <\/form>\r\n    <\/div>\r\n\r\n    <div id=\"success-message\" style=\"display:none; text-align:center; color:#d70006;\">\r\n      <h3>Mesaj\u0131n\u0131z ba\u015far\u0131yla g\u00f6nderildi<\/h3>\r\n      <p>En k\u0131sa s\u00fcrede sizinle ileti\u015fime ge\u00e7ece\u011fiz.<\/p>\r\n    <\/div>\r\n  <\/div>\r\n<\/div>\r\n\r\n<script>\r\nfunction openPopup() {\r\n  document.getElementById(\"popup-overlay\").style.display = \"flex\";\r\n}\r\nfunction closePopup() {\r\n  document.getElementById(\"popup-overlay\").style.display = \"none\";\r\n  document.getElementById(\"form-content\").style.display = \"block\";\r\n  document.getElementById(\"success-message\").style.display = \"none\";\r\n  history.pushState(\"\", document.title, window.location.pathname);\r\n}\r\n\r\nconst form = document.getElementById(\"isYeriForm\");\r\nform.addEventListener(\"submit\", function(e) {\r\n  e.preventDefault();\r\n  const formData = new FormData(form);\r\n  formData.append(\"action\", \"automaster_ik_form_send\");\r\n\r\n  fetch(\"\/wp-admin\/admin-ajax.php\", {\r\n    method: \"POST\",\r\n    body: formData\r\n  })\r\n  .then(res => res.text())\r\n  .then(data => {\r\n    form.reset();\r\n    document.getElementById(\"form-content\").style.display = \"none\";\r\n    document.getElementById(\"success-message\").style.display = \"block\";\r\n  })\r\n  .catch(err => alert(\"Hata: \" + err));\r\n});\r\n\r\nif (window.location.hash === \"#popup-ac\") openPopup();\r\nwindow.addEventListener(\"hashchange\", () => {\r\n  if (window.location.hash === \"#popup-ac\") openPopup();\r\n});\r\n<\/script>\r\n\t\t\t\t<\/div>\n\t\t\t\t<\/div>\n\t\t            <\/div>\r\n        <\/div>\r\n        \t\t\t<\/div>\n\t\t<\/section>\n\t\t\t\t<\/div>\n\t\t","protected":false},"excerpt":{"rendered":"<p>Sertifikalar\u0131m\u0131z Automaster olarak sundu\u011fumuz t\u00fcm hizmetlerde kalite ve g\u00fcvenilirli\u011fi \u00f6n planda tutuyoruz. Ald\u0131\u011f\u0131m\u0131z uluslararas\u0131 sertifikalar ve belgeler, profesyonelli\u011fimizin ve m\u00fc\u015fteri memnuniyetine verdi\u011fimiz \u00f6nemin en \u00f6nemli g\u00f6stergesidir. MSDS Kunststoff Pflege 2013-09-18 120.37 KB MSDS NanoProtection Hartwachs 19-01-2011 75.03 KB MSDS Textile Protection LED32 27-11.2013 124.08 KB MSDS Insektenentferner 2013-09-18 106.51 KB MSDS Felgenreiniger 2013-09-18 106.52 KB [&hellip;]<\/p>\n","protected":false},"author":1,"featured_media":0,"parent":0,"menu_order":0,"comment_status":"closed","ping_status":"closed","template":"","meta":{"footnotes":""},"class_list":["post-9020","page","type-page","status-publish","hentry"],"_links":{"self":[{"href":"https:\/\/web-demo2.com.tr\/automaster\/wp-json\/wp\/v2\/pages\/9020","targetHints":{"allow":["GET"]}}],"collection":[{"href":"https:\/\/web-demo2.com.tr\/automaster\/wp-json\/wp\/v2\/pages"}],"about":[{"href":"https:\/\/web-demo2.com.tr\/automaster\/wp-json\/wp\/v2\/types\/page"}],"author":[{"embeddable":true,"href":"https:\/\/web-demo2.com.tr\/automaster\/wp-json\/wp\/v2\/users\/1"}],"replies":[{"embeddable":true,"href":"https:\/\/web-demo2.com.tr\/automaster\/wp-json\/wp\/v2\/comments?post=9020"}],"version-history":[{"count":88,"href":"https:\/\/web-demo2.com.tr\/automaster\/wp-json\/wp\/v2\/pages\/9020\/revisions"}],"predecessor-version":[{"id":10904,"href":"https:\/\/web-demo2.com.tr\/automaster\/wp-json\/wp\/v2\/pages\/9020\/revisions\/10904"}],"wp:attachment":[{"href":"https:\/\/web-demo2.com.tr\/automaster\/wp-json\/wp\/v2\/media?parent=9020"}],"curies":[{"name":"wp","href":"https:\/\/api.w.org\/{rel}","templated":true}]}}