{"id":8889,"date":"2025-06-16T11:51:23","date_gmt":"2025-06-16T11:51:23","guid":{"rendered":"https:\/\/web-demo2.com.tr\/automaster\/?post_type=product&#038;p=8889"},"modified":"2025-06-16T11:51:23","modified_gmt":"2025-06-16T11:51:23","slug":"detay-temizlik","status":"publish","type":"product","link":"https:\/\/web-demo2.com.tr\/automaster\/product\/detay-temizlik\/","title":{"rendered":"Detay Temizlik"},"content":{"rendered":"","protected":false},"excerpt":{"rendered":"<p>T\u00fcm d\u00f6\u015feme tiplerine uygun olan \u00fcr\u00fcn\u00fcm\u00fcz, ara\u00e7 i\u00e7erisinde kal\u0131c\u0131 ve hijyenik bir temizlik sa\u011flar.<\/p>\n","protected":false},"featured_media":8899,"comment_status":"open","ping_status":"closed","template":"","meta":[],"product_brand":[],"product_cat":[15],"product_tag":[],"class_list":{"0":"post-8889","1":"product","2":"type-product","3":"status-publish","4":"has-post-thumbnail","6":"product_cat-boya-koruma","8":"first","9":"instock","10":"shipping-taxable","11":"product-type-simple"},"_links":{"self":[{"href":"https:\/\/web-demo2.com.tr\/automaster\/wp-json\/wp\/v2\/product\/8889","targetHints":{"allow":["GET"]}}],"collection":[{"href":"https:\/\/web-demo2.com.tr\/automaster\/wp-json\/wp\/v2\/product"}],"about":[{"href":"https:\/\/web-demo2.com.tr\/automaster\/wp-json\/wp\/v2\/types\/product"}],"replies":[{"embeddable":true,"href":"https:\/\/web-demo2.com.tr\/automaster\/wp-json\/wp\/v2\/comments?post=8889"}],"wp:featuredmedia":[{"embeddable":true,"href":"https:\/\/web-demo2.com.tr\/automaster\/wp-json\/wp\/v2\/media\/8899"}],"wp:attachment":[{"href":"https:\/\/web-demo2.com.tr\/automaster\/wp-json\/wp\/v2\/media?parent=8889"}],"wp:term":[{"taxonomy":"product_brand","embeddable":true,"href":"https:\/\/web-demo2.com.tr\/automaster\/wp-json\/wp\/v2\/product_brand?post=8889"},{"taxonomy":"product_cat","embeddable":true,"href":"https:\/\/web-demo2.com.tr\/automaster\/wp-json\/wp\/v2\/product_cat?post=8889"},{"taxonomy":"product_tag","embeddable":true,"href":"https:\/\/web-demo2.com.tr\/automaster\/wp-json\/wp\/v2\/product_tag?post=8889"}],"curies":[{"name":"wp","href":"https:\/\/api.w.org\/{rel}","templated":true}]}}