{"id":8925,"date":"2025-06-16T11:57:50","date_gmt":"2025-06-16T11:57:50","guid":{"rendered":"https:\/\/web-demo2.com.tr\/automaster\/?post_type=product&#038;p=8925"},"modified":"2025-06-16T11:57:50","modified_gmt":"2025-06-16T11:57:50","slug":"lastik-parlatici","status":"publish","type":"product","link":"https:\/\/web-demo2.com.tr\/automaster\/product\/lastik-parlatici\/","title":{"rendered":"Lastik Parlat\u0131c\u0131"},"content":{"rendered":"","protected":false},"excerpt":{"rendered":"<p>Ara\u00e7 lastiklerini \u00fcst d\u00fczey performans ile temizleyen \u00fcr\u00fcn\u00fcm\u00fcz, ayn\u0131 zamanda lastiklerin toz ve kir tutma s\u00fcrelerini geciktirir. Anti statik \u00f6zelli&#8230;<\/p>\n","protected":false},"featured_media":8926,"comment_status":"open","ping_status":"closed","template":"","meta":[],"product_brand":[],"product_cat":[15],"product_tag":[],"class_list":{"0":"post-8925","1":"product","2":"type-product","3":"status-publish","4":"has-post-thumbnail","6":"product_cat-boya-koruma","8":"first","9":"instock","10":"shipping-taxable","11":"product-type-simple"},"_links":{"self":[{"href":"https:\/\/web-demo2.com.tr\/automaster\/wp-json\/wp\/v2\/product\/8925","targetHints":{"allow":["GET"]}}],"collection":[{"href":"https:\/\/web-demo2.com.tr\/automaster\/wp-json\/wp\/v2\/product"}],"about":[{"href":"https:\/\/web-demo2.com.tr\/automaster\/wp-json\/wp\/v2\/types\/product"}],"replies":[{"embeddable":true,"href":"https:\/\/web-demo2.com.tr\/automaster\/wp-json\/wp\/v2\/comments?post=8925"}],"wp:featuredmedia":[{"embeddable":true,"href":"https:\/\/web-demo2.com.tr\/automaster\/wp-json\/wp\/v2\/media\/8926"}],"wp:attachment":[{"href":"https:\/\/web-demo2.com.tr\/automaster\/wp-json\/wp\/v2\/media?parent=8925"}],"wp:term":[{"taxonomy":"product_brand","embeddable":true,"href":"https:\/\/web-demo2.com.tr\/automaster\/wp-json\/wp\/v2\/product_brand?post=8925"},{"taxonomy":"product_cat","embeddable":true,"href":"https:\/\/web-demo2.com.tr\/automaster\/wp-json\/wp\/v2\/product_cat?post=8925"},{"taxonomy":"product_tag","embeddable":true,"href":"https:\/\/web-demo2.com.tr\/automaster\/wp-json\/wp\/v2\/product_tag?post=8925"}],"curies":[{"name":"wp","href":"https:\/\/api.w.org\/{rel}","templated":true}]}}