{"id":8929,"date":"2025-06-16T11:58:28","date_gmt":"2025-06-16T11:58:28","guid":{"rendered":"https:\/\/web-demo2.com.tr\/automaster\/?post_type=product&#038;p=8929"},"modified":"2025-06-16T11:58:28","modified_gmt":"2025-06-16T11:58:28","slug":"metalkrom-jant-temizleyici","status":"publish","type":"product","link":"https:\/\/web-demo2.com.tr\/automaster\/product\/metalkrom-jant-temizleyici\/","title":{"rendered":"Metal&#038;Krom Jant Temizleyici"},"content":{"rendered":"","protected":false},"excerpt":{"rendered":"<p>T\u00fcm metal ve krom y\u00fczeylerde kullan\u0131labilen y\u00fcksek performansl\u0131 bir \u00fcr\u00fcnd\u00fcr. Jantlar\u0131 parlat\u0131r ve ilk g\u00fcnk\u00fc g\u00f6r\u00fcn\u00fcm\u00fcne kavu\u015fturur.<\/p>\n","protected":false},"featured_media":8930,"comment_status":"open","ping_status":"closed","template":"","meta":[],"product_brand":[],"product_cat":[15],"product_tag":[],"class_list":{"0":"post-8929","1":"product","2":"type-product","3":"status-publish","4":"has-post-thumbnail","6":"product_cat-boya-koruma","8":"first","9":"instock","10":"shipping-taxable","11":"product-type-simple"},"_links":{"self":[{"href":"https:\/\/web-demo2.com.tr\/automaster\/wp-json\/wp\/v2\/product\/8929","targetHints":{"allow":["GET"]}}],"collection":[{"href":"https:\/\/web-demo2.com.tr\/automaster\/wp-json\/wp\/v2\/product"}],"about":[{"href":"https:\/\/web-demo2.com.tr\/automaster\/wp-json\/wp\/v2\/types\/product"}],"replies":[{"embeddable":true,"href":"https:\/\/web-demo2.com.tr\/automaster\/wp-json\/wp\/v2\/comments?post=8929"}],"wp:featuredmedia":[{"embeddable":true,"href":"https:\/\/web-demo2.com.tr\/automaster\/wp-json\/wp\/v2\/media\/8930"}],"wp:attachment":[{"href":"https:\/\/web-demo2.com.tr\/automaster\/wp-json\/wp\/v2\/media?parent=8929"}],"wp:term":[{"taxonomy":"product_brand","embeddable":true,"href":"https:\/\/web-demo2.com.tr\/automaster\/wp-json\/wp\/v2\/product_brand?post=8929"},{"taxonomy":"product_cat","embeddable":true,"href":"https:\/\/web-demo2.com.tr\/automaster\/wp-json\/wp\/v2\/product_cat?post=8929"},{"taxonomy":"product_tag","embeddable":true,"href":"https:\/\/web-demo2.com.tr\/automaster\/wp-json\/wp\/v2\/product_tag?post=8929"}],"curies":[{"name":"wp","href":"https:\/\/api.w.org\/{rel}","templated":true}]}}